{"id":11704,"date":"2023-11-14T17:43:51","date_gmt":"2023-11-14T17:43:51","guid":{"rendered":"https:\/\/www.adifa.pt\/useful-links\/"},"modified":"2024-01-09T14:31:27","modified_gmt":"2024-01-09T14:31:27","slug":"useful-links","status":"publish","type":"page","link":"https:\/\/www.adifa.pt\/en\/useful-links\/","title":{"rendered":"Useful Links"},"content":{"rendered":"\t\t<div data-elementor-type=\"wp-page\" data-elementor-id=\"11704\" class=\"elementor elementor-11704 elementor-8742\">\n\t\t\t\t\t\t<section class=\"elementor-section elementor-top-section elementor-element elementor-element-731199b qodef-elementor-content-grid elementor-section-boxed elementor-section-height-default elementor-section-height-default\" data-id=\"731199b\" data-element_type=\"section\" data-e-type=\"section\" data-settings=\"{&quot;background_background&quot;:&quot;classic&quot;}\">\n\t\t\t\t\t\t<div class=\"elementor-container elementor-column-gap-default\">\n\t\t\t\t\t<div class=\"elementor-column elementor-col-100 elementor-top-column elementor-element elementor-element-15bad2c\" data-id=\"15bad2c\" data-element_type=\"column\" data-e-type=\"column\" data-settings=\"{&quot;background_background&quot;:&quot;classic&quot;}\">\n\t\t\t<div class=\"elementor-widget-wrap elementor-element-populated\">\n\t\t\t\t\t\t<div class=\"elementor-element elementor-element-06d352c elementor-widget elementor-widget-onegoal_core_section_title\" data-id=\"06d352c\" data-element_type=\"widget\" data-e-type=\"widget\" data-widget_type=\"onegoal_core_section_title.default\">\n\t\t\t\t<div class=\"elementor-widget-container\">\n\t\t\t\t\t<div class=\"qodef-shortcode qodef-m  qodef-section-title qodef-alignment--center \">\n\t\t<div class=\"qodef-m-subtitle\" >\n\t\tResources\t<\/div>\n\t\t<h1 class=\"qodef-m-title\" >\n\t\t\t\t\tUseful Links\t\t\t<\/h1>\n\t<\/div>\n\t\t\t\t<\/div>\n\t\t\t\t<\/div>\n\t\t\t\t<div class=\"elementor-element elementor-element-08aab0d elementor-widget elementor-widget-onegoal_core_single_image\" data-id=\"08aab0d\" data-element_type=\"widget\" data-e-type=\"widget\" data-widget_type=\"onegoal_core_single_image.default\">\n\t\t\t\t<div class=\"elementor-widget-container\">\n\t\t\t\t\t<div class=\"qodef-shortcode qodef-m  qodef-single-image qodef-layout--default   qodef-border-radius--enabled qodef-border-radius-position--top-left-bottom-right\" style=\"--qode-border-radius: 100px;--qode-border-radius-mobile: 50px\">\n\t\t\t<div class=\"qodef-m-image\">\n\t\t\t\t\t\t\t\t<img fetchpriority=\"high\" decoding=\"async\" width=\"2560\" height=\"987\" src=\"https:\/\/www.adifa.pt\/wp-content\/uploads\/2023\/12\/Untitled-design.jpg\" class=\"attachment-full size-full\" alt=\"\" srcset=\"https:\/\/www.adifa.pt\/wp-content\/uploads\/2023\/12\/Untitled-design.jpg 2560w, https:\/\/www.adifa.pt\/wp-content\/uploads\/2023\/12\/Untitled-design-300x116.jpg 300w, https:\/\/www.adifa.pt\/wp-content\/uploads\/2023\/12\/Untitled-design-1024x395.jpg 1024w, https:\/\/www.adifa.pt\/wp-content\/uploads\/2023\/12\/Untitled-design-768x296.jpg 768w, https:\/\/www.adifa.pt\/wp-content\/uploads\/2023\/12\/Untitled-design-1536x592.jpg 1536w, https:\/\/www.adifa.pt\/wp-content\/uploads\/2023\/12\/Untitled-design-2048x790.jpg 2048w, https:\/\/www.adifa.pt\/wp-content\/uploads\/2023\/12\/Untitled-design-600x231.jpg 600w\" sizes=\"(max-width: 2560px) 100vw, 2560px\" \/>\t\t\t\t\t\t\t<\/div>\n\t<\/div>\n\t\t\t\t<\/div>\n\t\t\t\t<\/div>\n\t\t\t\t\t<\/div>\n\t\t<\/div>\n\t\t\t\t\t<\/div>\n\t\t<\/section>\n\t\t\t\t<section class=\"elementor-section elementor-top-section elementor-element elementor-element-958778d elementor-section-boxed elementor-section-height-default elementor-section-height-default\" data-id=\"958778d\" data-element_type=\"section\" data-e-type=\"section\">\n\t\t\t\t\t\t<div class=\"elementor-container elementor-column-gap-default\">\n\t\t\t\t\t<div class=\"elementor-column elementor-col-100 elementor-top-column elementor-element elementor-element-a72df13\" data-id=\"a72df13\" data-element_type=\"column\" data-e-type=\"column\">\n\t\t\t<div class=\"elementor-widget-wrap elementor-element-populated\">\n\t\t\t\t\t\t<div class=\"elementor-element elementor-element-19ec468 elementor-widget elementor-widget-onegoal_core_accordion\" data-id=\"19ec468\" data-element_type=\"widget\" data-e-type=\"widget\" data-widget_type=\"onegoal_core_accordion.default\">\n\t\t\t\t<div class=\"elementor-widget-container\">\n\t\t\t\t\t<div class=\"qodef-shortcode qodef-m  qodef-accordion clear qodef-behavior--toggle qodef-layout--simple \">\n\t<h5 class=\"qodef-accordion-title\">\n\t<span class=\"qodef-tab-title\">Associates<\/span>\n\t<span class=\"qodef-accordion-mark\">\n\t\t<span class=\"qodef-icon--minus\"><svg class=\"qodef-svg--arrow-top\" xmlns=\"http:\/\/www.w3.org\/2000\/svg\" width=\"15\" height=\"7.5\"><path d=\"M1.349 7.5a1.319 1.319 0 0 1-.809-.285A1.61 1.61 0 0 1 0 6.531L6.852.147a2.129 2.129 0 0 1 .674-.143 1.329 1.329 0 0 1 .728.143L15 6.36a5.15 5.15 0 0 1-.513.769 1.01 1.01 0 0 1-.836.371L7.338 4.365Z\"\/><\/svg><\/span>\n\t<\/span>\n<\/h5>\n<div class=\"qodef-accordion-content\">\n\t<div class=\"qodef-accordion-content-inner\">\n\t\t<ul class=\"listaOrderAlphabet\"><li><a href=\"http:\/\/www.alliance-healthcare.pt\/\" target=\"_blank\" rel=\"noopener\">Alliance Healthcare, S.A.<\/a><\/li><li><a href=\"http:\/\/www.botelhorodrigues.pt\/\">Botelho &amp; Rodrigues, LDA.<\/a><\/li><li><a href=\"http:\/\/www.cooprofar.pt\/\" target=\"_blank\" rel=\"noopener\">Cooprofar \u2013 Cooperativa dos Propriet\u00e1rios de Farm\u00e1cia, CRL<\/a><\/li><li><a href=\"https:\/\/empifarma.pt\/site\/\">EMPIFARMA \u2013 Produtos Farmac\u00eauticos, S.A.<\/a><\/li><li><a href=\"http:\/\/www.ocp.pt\/\" target=\"_blank\" rel=\"noopener\">OCP Portugal \u2013 Produtos Farmac\u00eauticos, S.A.<\/a><\/li><li><a href=\"http:\/\/www.plural.pt\/\" target=\"_blank\" rel=\"noopener\">Plural+Udifar \u2013 Cooperativa Farmac\u00eautica, CRL<\/a><\/li><\/ul>\t<\/div>\n<\/div>\n<h5 class=\"qodef-accordion-title\">\n\t<span class=\"qodef-tab-title\">Nationals<\/span>\n\t<span class=\"qodef-accordion-mark\">\n\t\t<span class=\"qodef-icon--minus\"><svg class=\"qodef-svg--arrow-top\" xmlns=\"http:\/\/www.w3.org\/2000\/svg\" width=\"15\" height=\"7.5\"><path d=\"M1.349 7.5a1.319 1.319 0 0 1-.809-.285A1.61 1.61 0 0 1 0 6.531L6.852.147a2.129 2.129 0 0 1 .674-.143 1.329 1.329 0 0 1 .728.143L15 6.36a5.15 5.15 0 0 1-.513.769 1.01 1.01 0 0 1-.836.371L7.338 4.365Z\"\/><\/svg><\/span>\n\t<\/span>\n<\/h5>\n<div class=\"qodef-accordion-content\">\n\t<div class=\"qodef-accordion-content-inner\">\n\t\t<ul class=\"listaOrderAlphabet2\"><li><a href=\"http:\/\/www.igas.min-saude.pt\/\" target=\"_blank\" rel=\"noopener\">Inspe\u00e7\u00e3o-Geral das Atividades em Sa\u00fade<\/a><\/li><li><a href=\"http:\/\/www.dgs.pt\/\" target=\"_blank\" rel=\"noopener\">Direc\u00e7\u00e3o-Geral da Sa\u00fade<\/a><\/li><li><a href=\"http:\/\/www.ers.pt\/\" target=\"_blank\" rel=\"noopener\">Entidade Reguladora da Sa\u00fade<\/a><\/li><li><a href=\"http:\/\/www.infarmed.pt\/\" target=\"_blank\" rel=\"noopener\">Infarmed - Autoridade Nacional do Medicamento e Produtos de Sa\u00fade<\/a><\/li><li><a href=\"https:\/\/www.insa.min-saude.pt\/\" target=\"_blank\" rel=\"noopener\">Instituto Nacional de Sa\u00fade Doutor Ricardo Jorge<\/a><\/li><li><a href=\"http:\/\/www.arsnorte.min-saude.pt\/\" target=\"_blank\" rel=\"noopener\">Administra\u00e7\u00e3o Regional de Sa\u00fade do Norte<\/a><\/li><li><a href=\"http:\/\/www.arscentro.min-saude.pt\/\" target=\"_blank\" rel=\"noopener\">Administra\u00e7\u00e3o Regional de Sa\u00fade do Centro<\/a><\/li><li><a href=\"http:\/\/www.arslvt.min-saude.pt\/\" target=\"_blank\" rel=\"noopener\">Administra\u00e7\u00e3o Regional de Sa\u00fade de Lisboa e Vale do Tejo<\/a><\/li><li><a href=\"http:\/\/www.arsalentejo.min-saude.pt\/\" target=\"_blank\" rel=\"noopener\">Administra\u00e7\u00e3o Regional de Sa\u00fade do Alentejo<\/a><\/li><li><a href=\"http:\/\/www.arsalgarve.min-saude.pt\/\" target=\"_blank\" rel=\"noopener\">Administra\u00e7\u00e3o Regional de Sa\u00fade do Algarve<\/a><\/li><li><a href=\"http:\/\/www.portaldasfarmacias.com\/\" target=\"_blank\" rel=\"noopener\">AFP - Associa\u00e7\u00e3o de Farm\u00e1cias de Portugal<\/a><\/li><li><a href=\"http:\/\/www.aprefar.pt\/\" target=\"_blank\" rel=\"noopener\">Aprefar - Associa\u00e7\u00e3o dos Profissionais de Registo e Regulamenta\u00e7\u00e3o Farmac\u00eautica<\/a><\/li><li><a href=\"http:\/\/www.anf.pt\/\" target=\"_blank\" rel=\"noopener\">ANF - Associa\u00e7\u00e3o Nacional das Farm\u00e1cias<\/a><\/li><li><a href=\"http:\/\/www.apifarma.pt\/\" target=\"_blank\" rel=\"noopener\">Apifarma - Associa\u00e7\u00e3o Portuguesa da Ind\u00fastria Farmac\u00eautica<\/a><\/li><li><a href=\"http:\/\/www.apormed.pt\/\" target=\"_blank\" rel=\"noopener\">Apormed - Associa\u00e7\u00e3o Portuguesa das Empresas de Dispositivos M\u00e9dicos<\/a><\/li><li><a href=\"http:\/\/www.apfh.pt\/\" target=\"_blank\" rel=\"noopener\">APFH - Associa\u00e7\u00e3o Portuguesa de Farmac\u00eauticos Hospitalares<\/a><\/li><li><a href=\"http:\/\/www.apogen.pt\/\" target=\"_blank\" rel=\"noopener\">Apogen - Associa\u00e7\u00e3o Portuguesa de Medicamentos Gen\u00e9ricos<\/a><\/li><li><a href=\"https:\/\/sindicatofarmaceuticos.pt\/\" target=\"_blank\" rel=\"noopener\">Sindicato Nacional dos Farmac\u00eauticos<\/a><\/li><li><a href=\"https:\/\/extranet.infarmed.pt\/INFOMED-fo\/\" target=\"_blank\" rel=\"noopener\">Infomed - Base de dados de medicamentos<\/a><\/li><li><a href=\"http:\/\/extranet.infarmed.pt\/page.seram.frontoffice.seramhomepage\" target=\"_blank\" rel=\"noopener\">Portal RAM - Notfica\u00e7\u00e3o de Rea\u00e7\u00f5es Adversas a Medicamentos<\/a><\/li><li><a href=\"https:\/\/www.mvo.pt\/pt\/\" target=\"_blank\" rel=\"noopener\">MVO Portugal - Associa\u00e7\u00e3o Portuguesa de Verifica\u00e7\u00e3o de Medicamentos<\/a><\/li><li><a href=\"http:\/\/www.valormed.pt\/intro\/home\">Sociedade VALORMED\u00a0<\/a><\/li><\/ul>\t<\/div>\n<\/div>\n<h5 class=\"qodef-accordion-title\">\n\t<span class=\"qodef-tab-title\">Internationals<\/span>\n\t<span class=\"qodef-accordion-mark\">\n\t\t<span class=\"qodef-icon--minus\"><svg class=\"qodef-svg--arrow-top\" xmlns=\"http:\/\/www.w3.org\/2000\/svg\" width=\"15\" height=\"7.5\"><path d=\"M1.349 7.5a1.319 1.319 0 0 1-.809-.285A1.61 1.61 0 0 1 0 6.531L6.852.147a2.129 2.129 0 0 1 .674-.143 1.329 1.329 0 0 1 .728.143L15 6.36a5.15 5.15 0 0 1-.513.769 1.01 1.01 0 0 1-.836.371L7.338 4.365Z\"\/><\/svg><\/span>\n\t<\/span>\n<\/h5>\n<div class=\"qodef-accordion-content\">\n\t<div class=\"qodef-accordion-content-inner\">\n\t\t<ul class=\"listaOrderAlphabet3\"><li><a href=\"http:\/\/www.who.int\/\" target=\"_blank\" rel=\"noopener\">OMS - Organiza\u00e7\u00e3o Mundial de Sa\u00fade<\/a><\/li><li><a href=\"http:\/\/www.fip.org\/\" target=\"_blank\" rel=\"noopener\">FIP - International Pharmaceutical Federation (Federa\u00e7\u00e3o Internacional Farmac\u00eautica)<\/a><\/li><li><a href=\"http:\/\/www.oecd.org\/els\/healthpoliciesanddata\/\" target=\"_blank\" rel=\"noopener\">OECD - Health Policies and data (OCDE ? Dados e Pol\u00edticas de Sa\u00fade)<\/a><\/li><li><a href=\"http:\/\/www.unaids.org\/en\/\" target=\"_blank\" rel=\"noopener\">UNAIDS - Joint United Nations Programme on HIV\/AIDS (Programa Conjunto das Na\u00e7\u00f5es Unidas para o VIH\/sida)<\/a><\/li><li><a href=\"http:\/\/www.fda.gov\/\" target=\"_blank\" rel=\"noopener\">FDA - U.S. Food and Drug Administration<\/a><\/li><li><a href=\"http:\/\/www.ifpma.org\/\" target=\"_blank\" rel=\"noopener\">IFPMA - International Federation of Pharmaceutical Manufacturers &amp; Association<\/a><\/li><li><a href=\"http:\/\/www.ifpw.com\/\" target=\"_blank\" rel=\"noopener\">IFPW - International Federation of Pharmaceutical Wholesalers<\/a><\/li><li><a href=\"http:\/\/www.healthregulation.org\/\" target=\"_blank\" rel=\"noopener\">Health Regulation Worldwide<\/a><\/li><li><a href=\"https:\/\/ec.europa.eu\/info\/topics\/public-health_pt\" target=\"_blank\" rel=\"noopener\">Sa\u00fade UE - Portal de informa\u00e7\u00e3o de Sa\u00fade P\u00fablica da Comiss\u00e3o Europeia<\/a><\/li><li><a href=\"http:\/\/ec.europa.eu\/dgs\/health_consumer\/index_en.htm\" target=\"_blank\" rel=\"noopener\">DG SANCO - Dire\u00e7\u00e3o Geral da Sa\u00fade e do Consumidor da Comiss\u00e3o Europeia<\/a><\/li><li><a href=\"http:\/\/www.ema.europa.eu\/ema\/\" target=\"_blank\" rel=\"noopener\">EMA - European Medicines Agency (Ag\u00eancia Europeia do Medicamento)<\/a><\/li><li><a href=\"http:\/\/www.efsa.europa.eu\/\" target=\"_blank\" rel=\"noopener\">EFSA - European Food Safety Authority (Autoridade Europeia para a Seguran\u00e7a Alimentar<\/a><\/li><li><a href=\"http:\/\/www.ecdc.europa.eu\/en\/Pages\/home.aspx\" target=\"_blank\" rel=\"noopener\">ECDC - European Centre for Disease Prevention and Control (Centro Europeu para a Preven\u00e7\u00e3o e Controle das Doen\u00e7as Infecciosas)<\/a><\/li><li><a href=\"http:\/\/www.edqm.eu\/en\/edqm-homepage-628.html\" target=\"_blank\" rel=\"noopener\">EDQM - European Directorate for the Quality of Medicines &amp; Healthcare (Dire\u00e7\u00e3o Europeia da Qualidade do Medicamento e dos Cuidados de Sa\u00fade)<\/a><\/li><li><a href=\"http:\/\/www.pgeu.eu\/\" target=\"_blank\" rel=\"noopener\">PGEU - Pharmaceutical Group of the European Union (Grupo Farmac\u00eautico da Uni\u00e3o Europeia)<\/a><\/li><li><a href=\"http:\/\/www.europharmforum.org\/\" target=\"_blank\" rel=\"noopener\">EuroPharm Forum<\/a><\/li><li><a href=\"https:\/\/escpweb.org\/\" target=\"_blank\" rel=\"noopener\">ESCP - European Society of Clinical Pharmacy (Sociedade Europeia de Farm\u00e1cia Cl\u00ednica)<\/a><\/li><li><a href=\"http:\/\/www.eahp.eu\/\" target=\"_blank\" rel=\"noopener\">EAHP - European Association of Hospital Pharmacists (Associa\u00e7\u00e3o Europeia de Farmac\u00eauticos Hospitalares)<\/a><\/li><li><a href=\"http:\/\/www.eipg.eu\/\" target=\"_blank\" rel=\"noopener\">EIPG - European Industrial Pharmacists Group (Grupo Europeu de Farmac\u00eauticos de Ind\u00fastria)<\/a><\/li><li><a href=\"https:\/\/girp.eu\/\" target=\"_blank\" rel=\"noopener\">GIRP - European Association of Pharmaceutical Wholesalers (Associa\u00e7\u00e3o Europeia de Distribuidores Grossistas de Produtos Farmac\u00eauticos)<\/a><\/li><li><a href=\"https:\/\/www.medicinesforeurope.com\/\" target=\"_blank\" rel=\"noopener\">EGA - European Generic Medicines Association\/Medicines for Europe (Associa\u00e7\u00e3o Europeia de Medicamentos Gen\u00e9ricos)<\/a><\/li><li><a href=\"http:\/\/www.efpia.eu\/\" target=\"_blank\" rel=\"noopener\">EFPIA - European Federation of Pharmaceutical Industries and Associations (Federa\u00e7\u00e3o Europeia das Associa\u00e7\u00f5es e de Ind\u00fastrias Farmac\u00eauticas)<\/a><\/li><li><a href=\"http:\/\/www.aesgp.eu\/\" target=\"_blank\" rel=\"noopener\">AESGP - Association of European Self-Medication Industry (Associa\u00e7\u00e3o das Ind\u00fastrias Europeias de Medicamentos N\u00e3o Sujeitos a Receita M\u00e9dica)<\/a><\/li><li><a href=\"http:\/\/www.eufeps.org\/\" target=\"_blank\" rel=\"noopener\">EUFEPS - European Federation for Pharmaceutical Sciences (Federa\u00e7\u00e3o Europeia de Ci\u00eancias Farmac\u00eauticas)<\/a><\/li><li><a href=\"http:\/\/www.epha.org\/\" target=\"_blank\" rel=\"noopener\">EPHA - European Public Health Alliance<\/a><\/li><li><a href=\"https:\/\/emvo-medicines.eu\/\" target=\"_blank\" rel=\"noopener\">EMVO -\u00a0European Medicines Verification\u00a0Organisation<\/a><\/li><\/ul>\t<\/div>\n<\/div>\n<\/div>\n\t\t\t\t<\/div>\n\t\t\t\t<\/div>\n\t\t\t\t\t<\/div>\n\t\t<\/div>\n\t\t\t\t\t<\/div>\n\t\t<\/section>\n\t\t\t\t<section class=\"elementor-section elementor-top-section elementor-element elementor-element-7430f79 elementor-section-full_width qodef-elementor-content-grid elementor-section-stretched elementor-hidden-desktop elementor-hidden-tablet elementor-hidden-mobile elementor-section-height-default elementor-section-height-default\" data-id=\"7430f79\" data-element_type=\"section\" data-e-type=\"section\" data-settings=\"{&quot;background_background&quot;:&quot;classic&quot;,&quot;stretch_section&quot;:&quot;section-stretched&quot;}\">\n\t\t\t\t\t\t<div class=\"elementor-container elementor-column-gap-no\">\n\t\t\t\t\t<div class=\"elementor-column elementor-col-100 elementor-top-column elementor-element elementor-element-3abcaa9\" data-id=\"3abcaa9\" data-element_type=\"column\" data-e-type=\"column\">\n\t\t\t<div class=\"elementor-widget-wrap elementor-element-populated\">\n\t\t\t\t\t\t<div class=\"elementor-element elementor-element-9d00c3a elementor-widget elementor-widget-onegoal_core_section_title\" data-id=\"9d00c3a\" data-element_type=\"widget\" data-e-type=\"widget\" data-widget_type=\"onegoal_core_section_title.default\">\n\t\t\t\t<div class=\"elementor-widget-container\">\n\t\t\t\t\t<div class=\"qodef-shortcode qodef-m  qodef-section-title qodef-alignment--center qodef-title-break--disabled\">\n\t\t<div class=\"qodef-m-subtitle\" >\n\t\tnewsletter\t<\/div>\n\t\t<h2 class=\"qodef-m-title\" >\n\t\t\t\t\tSubscreva a nossa Newsletter e fique<br \/> a par de todas as novidades da ADIFA!\t\t\t<\/h2>\n\t<\/div>\n\t\t\t\t<\/div>\n\t\t\t\t<\/div>\n\t\t\t\t<div class=\"elementor-element elementor-element-f5b76ee button_subs elementor-widget elementor-widget-html\" data-id=\"f5b76ee\" data-element_type=\"widget\" data-e-type=\"widget\" data-widget_type=\"html.default\">\n\t\t\t\t<div class=\"elementor-widget-container\">\n\t\t\t\t\t<script>\n    (function(w,d,e,u,f,l,n){w[f]=w[f]||function(){(w[f].q=w[f].q||[])\n    .push(arguments);},l=d.createElement(e),l.async=1,l.src=u,\n    n=d.getElementsByTagName(e)[0],n.parentNode.insertBefore(l,n);})\n    (window,document,'script','https:\/\/assets.mailerlite.com\/js\/universal.js','ml');\n    ml('account', '699109');\n<\/script>\n<a class=\"qodef-shortcode qodef-m qodef-button qodef-layout--outlined qodef-html--link\" href=\"javascript:void(0)\" onclick=\"ml('show', 'mdT25m', true)\" target=\"_self\">\n\t<span class=\"qodef-m-text\">SUBSCRIBE<\/span>\n\t<span class=\"qodef-m-arrow\">\n\t\t<svg xmlns=\"http:\/\/www.w3.org\/2000\/svg\" class=\"qodef-svg--arrow-top-right\" width=\"10\" height=\"10\" viewbox=\"0 0 10.00 10.00\"><path d=\"M1.018 10.009 0 8.991l7.569-7.582H1.723L1.737 0h8.26v8.274H8.574l.013-5.847Z\"><\/path><path d=\"M1.018 10.009 0 8.991l7.569-7.582H1.723L1.737 0h8.26v8.274H8.574l.013-5.847Z\"><\/path><\/path><\/path><\/svg>\t<\/span>\n<\/a>\t\t\t\t<\/div>\n\t\t\t\t<\/div>\n\t\t\t\t\t<\/div>\n\t\t<\/div>\n\t\t\t\t\t<\/div>\n\t\t<\/section>\n\t\t\t\t<section class=\"elementor-section elementor-top-section elementor-element elementor-element-5f5c029 elementor-section-full_width qodef-elementor-content-grid elementor-section-stretched elementor-hidden-desktop elementor-hidden-tablet elementor-hidden-mobile elementor-section-height-default elementor-section-height-default\" data-id=\"5f5c029\" data-element_type=\"section\" data-e-type=\"section\" data-settings=\"{&quot;background_background&quot;:&quot;classic&quot;,&quot;stretch_section&quot;:&quot;section-stretched&quot;}\">\n\t\t\t\t\t\t<div class=\"elementor-container elementor-column-gap-no\">\n\t\t\t\t\t<div class=\"elementor-column elementor-col-100 elementor-top-column elementor-element elementor-element-0f490ef\" data-id=\"0f490ef\" data-element_type=\"column\" data-e-type=\"column\">\n\t\t\t<div class=\"elementor-widget-wrap elementor-element-populated\">\n\t\t\t\t\t\t<div class=\"elementor-element elementor-element-3ddf5bc elementor-widget elementor-widget-spacer\" data-id=\"3ddf5bc\" data-element_type=\"widget\" data-e-type=\"widget\" data-widget_type=\"spacer.default\">\n\t\t\t\t<div class=\"elementor-widget-container\">\n\t\t\t\t\t\t\t<div class=\"elementor-spacer\">\n\t\t\t<div class=\"elementor-spacer-inner\"><\/div>\n\t\t<\/div>\n\t\t\t\t\t\t<\/div>\n\t\t\t\t<\/div>\n\t\t\t\t\t<\/div>\n\t\t<\/div>\n\t\t\t\t\t<\/div>\n\t\t<\/section>\n\t\t<div class=\"elementor-element elementor-element-b61969f elementor-hidden-desktop elementor-hidden-tablet elementor-hidden-mobile e-flex e-con-boxed e-con e-parent\" data-id=\"b61969f\" data-element_type=\"container\" data-e-type=\"container\">\n\t\t\t\t\t<div class=\"e-con-inner\">\n\t\t\t\t<div class=\"elementor-element elementor-element-39981b2 elementor-widget-divider--view-line elementor-widget elementor-widget-divider\" data-id=\"39981b2\" data-element_type=\"widget\" data-e-type=\"widget\" data-widget_type=\"divider.default\">\n\t\t\t\t<div class=\"elementor-widget-container\">\n\t\t\t\t\t\t\t<div class=\"elementor-divider\">\n\t\t\t<span class=\"elementor-divider-separator\">\n\t\t\t\t\t\t<\/span>\n\t\t<\/div>\n\t\t\t\t\t\t<\/div>\n\t\t\t\t<\/div>\n\t\t\t\t\t<\/div>\n\t\t\t\t<\/div>\n\t\t\t\t<\/div>\n\t\t","protected":false},"excerpt":{"rendered":"<p>Resources Useful Links Associates Alliance Healthcare, S.A. Botelho &amp; Rodrigues, LDA. Cooprofar \u2013 Cooperativa dos Propriet\u00e1rios de Farm\u00e1cia, CRL EMPIFARMA \u2013 Produtos Farmac\u00eauticos, S.A. OCP Portugal \u2013 Produtos Farmac\u00eauticos, S.A. Plural+Udifar \u2013 Cooperativa Farmac\u00eautica, CRL Nationals Inspe\u00e7\u00e3o-Geral das Atividades em Sa\u00fade Direc\u00e7\u00e3o-Geral da Sa\u00fade Entidade Reguladora da Sa\u00fade Infarmed &#8211; Autoridade Nacional do Medicamento e [&hellip;]<\/p>\n","protected":false},"author":3,"featured_media":0,"parent":0,"menu_order":0,"comment_status":"closed","ping_status":"closed","template":"","meta":{"footnotes":""},"class_list":["post-11704","page","type-page","status-publish","hentry"],"_links":{"self":[{"href":"https:\/\/www.adifa.pt\/en\/wp-json\/wp\/v2\/pages\/11704","targetHints":{"allow":["GET"]}}],"collection":[{"href":"https:\/\/www.adifa.pt\/en\/wp-json\/wp\/v2\/pages"}],"about":[{"href":"https:\/\/www.adifa.pt\/en\/wp-json\/wp\/v2\/types\/page"}],"author":[{"embeddable":true,"href":"https:\/\/www.adifa.pt\/en\/wp-json\/wp\/v2\/users\/3"}],"replies":[{"embeddable":true,"href":"https:\/\/www.adifa.pt\/en\/wp-json\/wp\/v2\/comments?post=11704"}],"version-history":[{"count":17,"href":"https:\/\/www.adifa.pt\/en\/wp-json\/wp\/v2\/pages\/11704\/revisions"}],"predecessor-version":[{"id":12019,"href":"https:\/\/www.adifa.pt\/en\/wp-json\/wp\/v2\/pages\/11704\/revisions\/12019"}],"wp:attachment":[{"href":"https:\/\/www.adifa.pt\/en\/wp-json\/wp\/v2\/media?parent=11704"}],"curies":[{"name":"wp","href":"https:\/\/api.w.org\/{rel}","templated":true}]}}