{"id":11698,"date":"2023-11-15T12:22:29","date_gmt":"2023-11-15T12:22:29","guid":{"rendered":"https:\/\/www.adifa.pt\/affiliations\/"},"modified":"2024-04-10T11:41:11","modified_gmt":"2024-04-10T11:41:11","slug":"affiliations","status":"publish","type":"page","link":"https:\/\/www.adifa.pt\/en\/affiliations\/","title":{"rendered":"Affiliations"},"content":{"rendered":"\t\t<div data-elementor-type=\"wp-page\" data-elementor-id=\"11698\" class=\"elementor elementor-11698 elementor-8795\">\n\t\t\t\t<div class=\"elementor-element elementor-element-e2b0505 e-con-full e-flex e-con e-parent\" data-id=\"e2b0505\" data-element_type=\"container\" data-e-type=\"container\">\n\t\t\t\t<div class=\"elementor-element elementor-element-204ff8e elementor-widget elementor-widget-onegoal_core_textual_projects_showcase\" data-id=\"204ff8e\" data-element_type=\"widget\" data-e-type=\"widget\" data-widget_type=\"onegoal_core_textual_projects_showcase.default\">\n\t\t\t\t<div class=\"elementor-widget-container\">\n\t\t\t\t\t<div class=\"qodef-shortcode qodef-m  qodef-textual-projects-showcase qodef--has-appear qodef-textual-projects-showcase-448  qodef-alignment--left\">\n\t<div class=\"qodef-e-holder-inner\" style=\"font-size: 80px;line-height: 1.09em\">\n\t\t\t\t\t\t\t\t\t\t\t\t\t<span class=\"qodef-e-text   qodef-e\">\n\t\t\t\t\t\t\tAffiliations\t\t\t\t\t<\/span>\n\t\t\t\t\t\t\t\t<div class=\"qodef-e-media-holder qodef-e \" style=\"--image-width: 60px;--image-width1440: 36px;--image-width680: 30px\">\n\t<div class=\"qodef-e-image\">\n\t\t\t\t\t<img fetchpriority=\"high\" decoding=\"async\" width=\"512\" height=\"512\" src=\"https:\/\/www.adifa.pt\/wp-content\/uploads\/2023\/11\/adifa-site-icon.png\" class=\"qodef--main\" alt=\"\" srcset=\"https:\/\/www.adifa.pt\/wp-content\/uploads\/2023\/11\/adifa-site-icon.png 512w, https:\/\/www.adifa.pt\/wp-content\/uploads\/2023\/11\/adifa-site-icon-300x300.png 300w, https:\/\/www.adifa.pt\/wp-content\/uploads\/2023\/11\/adifa-site-icon-150x150.png 150w, https:\/\/www.adifa.pt\/wp-content\/uploads\/2023\/11\/adifa-site-icon-100x100.png 100w\" sizes=\"(max-width: 512px) 100vw, 512px\" \/>\t\t\t\t<\/div>\n<\/div>\n\t\t\t\t\t\t<\/div>\n<\/div>\n\t\t\t\t<\/div>\n\t\t\t\t<\/div>\n\t\t\t\t<\/div>\n\t\t<div class=\"elementor-element elementor-element-31e986f e-con-full e-flex e-con e-parent\" data-id=\"31e986f\" data-element_type=\"container\" data-e-type=\"container\">\n\t\t\t\t<div class=\"elementor-element elementor-element-075530b elementor-widget elementor-widget-onegoal_core_section_title\" data-id=\"075530b\" data-element_type=\"widget\" data-e-type=\"widget\" data-widget_type=\"onegoal_core_section_title.default\">\n\t\t\t\t<div class=\"elementor-widget-container\">\n\t\t\t\t\t<div class=\"qodef-shortcode qodef-m  qodef-section-title qodef-alignment--left \">\n\t\t<div class=\"qodef-m-subtitle\" >\n\t\tADIFA\t<\/div>\n\t\t<h2 class=\"qodef-m-title\" >\n\t\t\t\t\tADIFA is enriched by the <span class=\"qodef-m-decorated\">diversity<\/span> and <span class=\"qodef-m-decorated\">collaboration<\/span> of its members.\t\t\t<\/h2>\n\t<\/div>\n\t\t\t\t<\/div>\n\t\t\t\t<\/div>\n\t\t\t\t<\/div>\n\t\t<div class=\"elementor-element elementor-element-ce29732 e-con-full e-flex e-con e-parent\" data-id=\"ce29732\" data-element_type=\"container\" data-e-type=\"container\">\n\t\t<div class=\"elementor-element elementor-element-7fd3254 e-con-full e-flex e-con e-child\" data-id=\"7fd3254\" data-element_type=\"container\" data-e-type=\"container\">\n\t\t\t\t<div class=\"elementor-element elementor-element-cbd9311 elementor-widget elementor-widget-image\" data-id=\"cbd9311\" data-element_type=\"widget\" data-e-type=\"widget\" data-widget_type=\"image.default\">\n\t\t\t\t<div class=\"elementor-widget-container\">\n\t\t\t\t\t\t\t\t\t\t\t\t\t\t\t<img decoding=\"async\" width=\"425\" height=\"222\" src=\"https:\/\/www.adifa.pt\/wp-content\/uploads\/2023\/11\/logo-filiado-girp.jpg\" class=\"attachment-large size-large wp-image-11502\" alt=\"\" srcset=\"https:\/\/www.adifa.pt\/wp-content\/uploads\/2023\/11\/logo-filiado-girp.jpg 425w, https:\/\/www.adifa.pt\/wp-content\/uploads\/2023\/11\/logo-filiado-girp-300x157.jpg 300w\" sizes=\"(max-width: 425px) 100vw, 425px\" \/>\t\t\t\t\t\t\t\t\t\t\t\t\t\t\t<\/div>\n\t\t\t\t<\/div>\n\t\t\t\t<\/div>\n\t\t<div class=\"elementor-element elementor-element-e92890b e-con-full e-flex e-con e-child\" data-id=\"e92890b\" data-element_type=\"container\" data-e-type=\"container\">\n\t\t\t\t<div class=\"elementor-element elementor-element-a61b4ed elementor-widget elementor-widget-heading\" data-id=\"a61b4ed\" data-element_type=\"widget\" data-e-type=\"widget\" data-widget_type=\"heading.default\">\n\t\t\t\t<div class=\"elementor-widget-container\">\n\t\t\t\t\t<h6 class=\"elementor-heading-title elementor-size-default\">GIRP (European Healthcare Distribution Association)<\/h6>\t\t\t\t<\/div>\n\t\t\t\t<\/div>\n\t\t\t\t<div class=\"elementor-element elementor-element-e5c4e53 elementor-widget elementor-widget-text-editor\" data-id=\"e5c4e53\" data-element_type=\"widget\" data-e-type=\"widget\" data-widget_type=\"text-editor.default\">\n\t\t\t\t<div class=\"elementor-widget-container\">\n\t\t\t\t\t\t\t\t\t<p class=\"align-justify\">ADIFA has been a <i>full member of<\/i> the <i>European Healthcare Distribution Association<\/i> (GIRP) since May 2017. Founded in 1960, GIRP is the European non-profit association that represents the national associations of full-service pharmaceutical distributors, as well as some of the largest European companies in the sector, bringing together more than 750 full-service pharmaceutical distributors from 34 European countries. GIRP&#8217;s members employ around 140,000 people and, through more than 1,200 logistics platforms, guarantee the distribution of medicines and pharmaceutical products to more than 200,000 pharmacies and healthcare professionals.<\/p>\n<p class=\"align-justify\">Considering the objectives, mission and vision shared between ADIFA and GIRP, there is a significant added value in the collaboration between the parties, enabling an active sharing of information and concerns, as well as closer relations with similar associations, with a view to contributing to and developing European policies.<\/p>\n<p class=\"align-justify\">For more information see <a href=\"http:\/\/www.girp.eu\/\" target=\"_blank\" rel=\"noopener\">www.girp.eu<\/a><\/p>\n\t\t\t\t\t\t\t\t<\/div>\n\t\t\t\t<\/div>\n\t\t\t\t<\/div>\n\t\t\t\t<\/div>\n\t\t<div class=\"elementor-element elementor-element-8d46541 e-con-full e-flex e-con e-parent\" data-id=\"8d46541\" data-element_type=\"container\" data-e-type=\"container\">\n\t\t<div class=\"elementor-element elementor-element-95ae0a0 e-con-full e-flex e-con e-child\" data-id=\"95ae0a0\" data-element_type=\"container\" data-e-type=\"container\">\n\t\t\t\t<div class=\"elementor-element elementor-element-c94650d elementor-widget elementor-widget-heading\" data-id=\"c94650d\" data-element_type=\"widget\" data-e-type=\"widget\" data-widget_type=\"heading.default\">\n\t\t\t\t<div class=\"elementor-widget-container\">\n\t\t\t\t\t<h6 class=\"elementor-heading-title elementor-size-default\">CIP - Portuguese Business Confederation<\/h6>\t\t\t\t<\/div>\n\t\t\t\t<\/div>\n\t\t\t\t<div class=\"elementor-element elementor-element-037684b elementor-widget elementor-widget-text-editor\" data-id=\"037684b\" data-element_type=\"widget\" data-e-type=\"widget\" data-widget_type=\"text-editor.default\">\n\t\t\t\t<div class=\"elementor-widget-container\">\n\t\t\t\t\t\t\t\t\t<p>CIP &#8211; Confedera\u00e7\u00e3o Empresarial de Portugal is an employers&#8217; association that represents more than 150,000 companies, which employ 1.8 million workers and are responsible for a total turnover that represents 71% of GDP. <\/p>\n<p>Its mission is to defend the national business fabric, with autonomy and independence, in Portugal and in the world. It is a structure that believes in an open economy, based on knowledge and innovation as the engine of economic and social growth. CIP advocates a dynamic economy, based on increasing productivity and competitiveness, in which opportunities, growth and prosperity are shared by all, and to which everyone contributes.<\/p>\n<p>It currently sits on the Economic and Social Council and the Standing Committee on Social Dialogue, as well as the European Economic and Social Committee, giving its members a voice in the main political, economic and social institutions.<\/p>\n<p>ADIFA has been a CIP member since March 2021.<\/p>\n<p>For more information see <a href=\"https:\/\/cip.org.pt\/\" target=\"_blank\" rel=\"noopener\">https:\/\/cip.org.pt\/<\/a><\/p>\n\t\t\t\t\t\t\t\t<\/div>\n\t\t\t\t<\/div>\n\t\t\t\t<\/div>\n\t\t<div class=\"elementor-element elementor-element-a722552 e-con-full e-flex e-con e-child\" data-id=\"a722552\" data-element_type=\"container\" data-e-type=\"container\">\n\t\t\t\t<div class=\"elementor-element elementor-element-3359123 elementor-widget elementor-widget-image\" data-id=\"3359123\" data-element_type=\"widget\" data-e-type=\"widget\" data-widget_type=\"image.default\">\n\t\t\t\t<div class=\"elementor-widget-container\">\n\t\t\t\t\t\t\t\t\t\t\t\t\t\t\t<img decoding=\"async\" width=\"425\" height=\"222\" src=\"https:\/\/www.adifa.pt\/wp-content\/uploads\/2023\/11\/CIP-1.jpg\" class=\"attachment-large size-large wp-image-11507\" alt=\"\" srcset=\"https:\/\/www.adifa.pt\/wp-content\/uploads\/2023\/11\/CIP-1.jpg 425w, https:\/\/www.adifa.pt\/wp-content\/uploads\/2023\/11\/CIP-1-300x157.jpg 300w\" sizes=\"(max-width: 425px) 100vw, 425px\" \/>\t\t\t\t\t\t\t\t\t\t\t\t\t\t\t<\/div>\n\t\t\t\t<\/div>\n\t\t\t\t<\/div>\n\t\t\t\t<\/div>\n\t\t<div class=\"elementor-element elementor-element-9ac7fbd e-con-full e-flex e-con e-parent\" data-id=\"9ac7fbd\" data-element_type=\"container\" data-e-type=\"container\">\n\t\t<div class=\"elementor-element elementor-element-fdd0948 e-con-full e-flex e-con e-child\" data-id=\"fdd0948\" data-element_type=\"container\" data-e-type=\"container\">\n\t\t\t\t<div class=\"elementor-element elementor-element-3d4d4e8 elementor-widget elementor-widget-image\" data-id=\"3d4d4e8\" data-element_type=\"widget\" data-e-type=\"widget\" data-widget_type=\"image.default\">\n\t\t\t\t<div class=\"elementor-widget-container\">\n\t\t\t\t\t\t\t\t\t\t\t\t\t\t\t<img loading=\"lazy\" decoding=\"async\" width=\"425\" height=\"222\" src=\"https:\/\/www.adifa.pt\/wp-content\/uploads\/2023\/11\/Dignitude.jpg\" class=\"attachment-large size-large wp-image-11508\" alt=\"\" srcset=\"https:\/\/www.adifa.pt\/wp-content\/uploads\/2023\/11\/Dignitude.jpg 425w, https:\/\/www.adifa.pt\/wp-content\/uploads\/2023\/11\/Dignitude-300x157.jpg 300w\" sizes=\"(max-width: 425px) 100vw, 425px\" \/>\t\t\t\t\t\t\t\t\t\t\t\t\t\t\t<\/div>\n\t\t\t\t<\/div>\n\t\t\t\t<\/div>\n\t\t<div class=\"elementor-element elementor-element-b0b9f35 e-con-full e-flex e-con e-child\" data-id=\"b0b9f35\" data-element_type=\"container\" data-e-type=\"container\">\n\t\t\t\t<div class=\"elementor-element elementor-element-38aaa42 elementor-widget elementor-widget-heading\" data-id=\"38aaa42\" data-element_type=\"widget\" data-e-type=\"widget\" data-widget_type=\"heading.default\">\n\t\t\t\t<div class=\"elementor-widget-container\">\n\t\t\t\t\t<h6 class=\"elementor-heading-title elementor-size-default\">Dignitude Association<\/h6>\t\t\t\t<\/div>\n\t\t\t\t<\/div>\n\t\t\t\t<div class=\"elementor-element elementor-element-82f4441 elementor-widget elementor-widget-text-editor\" data-id=\"82f4441\" data-element_type=\"widget\" data-e-type=\"widget\" data-widget_type=\"text-editor.default\">\n\t\t\t\t<div class=\"elementor-widget-container\">\n\t\t\t\t\t\t\t\t\t<p class=\"align-justify\">The Dignitude Association is a Private Social Solidarity Institution, founded on November 4, 2015, which, for the first time in Portugal, brings together entities from the social sector and the health sector with the main objective of developing solidarity programs that promote people&#8217;s quality of life and well-being.<\/p>\n<p class=\"align-justify\">The first project developed by Dignitude is the abem Program: which aims to guarantee access to medicines for all those who need them, removing economic and social barriers for the less fortunate. The ten principles of the abem program: solidarity, aggregation, nationality, permanence, universality, security, fairness, transparency, anonymity and inclusiveness.<\/p>\n<p class=\"align-justify\">As part of its Social Responsibility program, ADIFA has been an effective member of the Dignitude Association since October 2017.<\/p>\n<p class=\"align-justify\">For more information see <a href=\"http:\/\/www.dignitude.org\/\">www.dignitude.org<\/a><\/p>\n\t\t\t\t\t\t\t\t<\/div>\n\t\t\t\t<\/div>\n\t\t\t\t<\/div>\n\t\t\t\t<\/div>\n\t\t<div class=\"elementor-element elementor-element-de51ab8 e-con-full e-flex e-con e-parent\" data-id=\"de51ab8\" data-element_type=\"container\" data-e-type=\"container\">\n\t\t<div class=\"elementor-element elementor-element-9e40d94 e-con-full e-flex e-con e-child\" data-id=\"9e40d94\" data-element_type=\"container\" data-e-type=\"container\">\n\t\t\t\t<div class=\"elementor-element elementor-element-b1f9feb elementor-widget elementor-widget-heading\" data-id=\"b1f9feb\" data-element_type=\"widget\" data-e-type=\"widget\" data-widget_type=\"heading.default\">\n\t\t\t\t<div class=\"elementor-widget-container\">\n\t\t\t\t\t<h6 class=\"elementor-heading-title elementor-size-default\">VALORMED<\/h6>\t\t\t\t<\/div>\n\t\t\t\t<\/div>\n\t\t\t\t<div class=\"elementor-element elementor-element-5b601ce elementor-widget elementor-widget-text-editor\" data-id=\"5b601ce\" data-element_type=\"widget\" data-e-type=\"widget\" data-widget_type=\"text-editor.default\">\n\t\t\t\t<div class=\"elementor-widget-container\">\n\t\t\t\t\t\t\t\t\t<p>VALORMED, created in 1999, is a non-profit company responsible for managing waste from empty packaging and discarded medicines (Waste Management System), which is the result of collaboration between the Pharmaceutical Industry, Pharmaceutical Distributors and Community Pharmacies, taking into account the specific nature of medicines as waste.<\/p>\n<p>ADIFA members have been an active part of the VALORMED project and, in this sense, ADIFA has been a formal member of VALORMED&#8217;s management since 2020.<\/p>\n<p class=\"align-justify\">For more information see <a href=\"http:\/\/www.valormed.pt\/intro\/home\">www.valormed.pt<\/a><\/p>\n\t\t\t\t\t\t\t\t<\/div>\n\t\t\t\t<\/div>\n\t\t\t\t<\/div>\n\t\t<div class=\"elementor-element elementor-element-4c9dc65 e-con-full e-flex e-con e-child\" data-id=\"4c9dc65\" data-element_type=\"container\" data-e-type=\"container\">\n\t\t\t\t<div class=\"elementor-element elementor-element-72004fc elementor-widget elementor-widget-image\" data-id=\"72004fc\" data-element_type=\"widget\" data-e-type=\"widget\" data-widget_type=\"image.default\">\n\t\t\t\t<div class=\"elementor-widget-container\">\n\t\t\t\t\t\t\t\t\t\t\t\t\t\t\t<img loading=\"lazy\" decoding=\"async\" width=\"309\" height=\"163\" src=\"https:\/\/www.adifa.pt\/wp-content\/uploads\/2023\/11\/LOGO-VALORMED.png\" class=\"attachment-large size-large wp-image-11505\" alt=\"\" srcset=\"https:\/\/www.adifa.pt\/wp-content\/uploads\/2023\/11\/LOGO-VALORMED.png 309w, https:\/\/www.adifa.pt\/wp-content\/uploads\/2023\/11\/LOGO-VALORMED-300x158.png 300w\" sizes=\"(max-width: 309px) 100vw, 309px\" \/>\t\t\t\t\t\t\t\t\t\t\t\t\t\t\t<\/div>\n\t\t\t\t<\/div>\n\t\t\t\t<\/div>\n\t\t\t\t<\/div>\n\t\t<div class=\"elementor-element elementor-element-913a233 e-con-full e-flex e-con e-parent\" data-id=\"913a233\" data-element_type=\"container\" data-e-type=\"container\">\n\t\t<div class=\"elementor-element elementor-element-d808dec e-con-full e-flex e-con e-child\" data-id=\"d808dec\" data-element_type=\"container\" data-e-type=\"container\">\n\t\t\t\t<div class=\"elementor-element elementor-element-d56b3c7 elementor-widget elementor-widget-image\" data-id=\"d56b3c7\" data-element_type=\"widget\" data-e-type=\"widget\" data-widget_type=\"image.default\">\n\t\t\t\t<div class=\"elementor-widget-container\">\n\t\t\t\t\t\t\t\t\t\t\t\t\t\t\t<img loading=\"lazy\" decoding=\"async\" width=\"500\" height=\"186\" src=\"https:\/\/www.adifa.pt\/wp-content\/uploads\/2023\/11\/MVO-logo2.png\" class=\"attachment-large size-large wp-image-11506\" alt=\"\" srcset=\"https:\/\/www.adifa.pt\/wp-content\/uploads\/2023\/11\/MVO-logo2.png 500w, https:\/\/www.adifa.pt\/wp-content\/uploads\/2023\/11\/MVO-logo2-300x112.png 300w\" sizes=\"(max-width: 500px) 100vw, 500px\" \/>\t\t\t\t\t\t\t\t\t\t\t\t\t\t\t<\/div>\n\t\t\t\t<\/div>\n\t\t\t\t<\/div>\n\t\t<div class=\"elementor-element elementor-element-65174e4 e-con-full e-flex e-con e-child\" data-id=\"65174e4\" data-element_type=\"container\" data-e-type=\"container\">\n\t\t\t\t<div class=\"elementor-element elementor-element-88fe46f elementor-widget elementor-widget-heading\" data-id=\"88fe46f\" data-element_type=\"widget\" data-e-type=\"widget\" data-widget_type=\"heading.default\">\n\t\t\t\t<div class=\"elementor-widget-container\">\n\t\t\t\t\t<h6 class=\"elementor-heading-title elementor-size-default\">MVO Portugal<\/h6>\t\t\t\t<\/div>\n\t\t\t\t<\/div>\n\t\t\t\t<div class=\"elementor-element elementor-element-31e6d9b elementor-widget elementor-widget-text-editor\" data-id=\"31e6d9b\" data-element_type=\"widget\" data-e-type=\"widget\" data-widget_type=\"text-editor.default\">\n\t\t\t\t<div class=\"elementor-widget-container\">\n\t\t\t\t\t\t\t\t\t<p>MVO Portugal &#8211; Associa\u00e7\u00e3o Portuguesa de Verifica\u00e7\u00e3o de Medicamentos (Portuguese Medicines Verification Association) is a private non-profit association set up on August 4, 2017 by the sectoral associations of the medicines sector in Portugal, including ADIFA &#8211; Associa\u00e7\u00e3o de Distribuidores Farmac\u00eauticos (Association of Pharmaceutical Distributors).<\/p><p>MVO Portugal is the national entity responsible for the implementation and operationalization of the National Medicines Verification System, following the provisions of Directive 2001\/83\/EC of the European Parliament and of the Council of November 6, 2001, as amended by <a href=\"https:\/\/adifa.pt\/documents\/files\/dir_2011_62_pt.pdf\" target=\"_blank\" rel=\"noopener\">Directive 2011\/62\/EU<\/a>of the European Parliament and of the Council of June 8, 2011 and by the <a href=\"https:\/\/adifa.pt\/documents\/files\/Reg.Del.2016.161.pdf\" target=\"_blank\" rel=\"noopener\">Delegated Regulation (EU) 2016\/161<\/a>by the Commission on October 2, 2015. Following the publication of the Delegated Regulation, Decree-Law no. 26\/2018 of April 24 was published, transposing the provisions of European legislation into national law.<\/p><p>As a Full Member of the association, ADIFA is represented on the Board of MVO Portugal, actively participating in the implementation and operationalization of the Portuguese Medicines Verification System (PtMVS).<\/p><p class=\"align-justify\">For more information see <a href=\"http:\/\/www.mvo.pt\/\">www.mvo.pt<\/a><\/p>\t\t\t\t\t\t\t\t<\/div>\n\t\t\t\t<\/div>\n\t\t\t\t<\/div>\n\t\t\t\t<\/div>\n\t\t\t\t<section class=\"elementor-section elementor-top-section elementor-element elementor-element-1c77a0e elementor-section-full_width qodef-elementor-content-grid elementor-section-stretched elementor-hidden-desktop elementor-hidden-tablet elementor-hidden-mobile elementor-section-height-default elementor-section-height-default\" data-id=\"1c77a0e\" data-element_type=\"section\" data-e-type=\"section\" data-settings=\"{&quot;background_background&quot;:&quot;classic&quot;,&quot;stretch_section&quot;:&quot;section-stretched&quot;}\">\n\t\t\t\t\t\t<div class=\"elementor-container elementor-column-gap-no\">\n\t\t\t\t\t<div class=\"elementor-column elementor-col-100 elementor-top-column elementor-element elementor-element-88c608d\" data-id=\"88c608d\" data-element_type=\"column\" data-e-type=\"column\">\n\t\t\t<div class=\"elementor-widget-wrap elementor-element-populated\">\n\t\t\t\t\t\t<div class=\"elementor-element elementor-element-5fed879 elementor-widget elementor-widget-onegoal_core_section_title\" data-id=\"5fed879\" data-element_type=\"widget\" data-e-type=\"widget\" data-widget_type=\"onegoal_core_section_title.default\">\n\t\t\t\t<div class=\"elementor-widget-container\">\n\t\t\t\t\t<div class=\"qodef-shortcode qodef-m  qodef-section-title qodef-alignment--center qodef-title-break--disabled\">\n\t\t<div class=\"qodef-m-subtitle\" >\n\t\tnewsletter\t<\/div>\n\t\t<h2 class=\"qodef-m-title\" >\n\t\t\t\t\tSubscreva a nossa Newsletter e fique<br \/> a par de todas as novidades da ADIFA!\t\t\t<\/h2>\n\t<\/div>\n\t\t\t\t<\/div>\n\t\t\t\t<\/div>\n\t\t\t\t<div class=\"elementor-element elementor-element-cc05e1a button_subs elementor-widget elementor-widget-html\" data-id=\"cc05e1a\" data-element_type=\"widget\" data-e-type=\"widget\" data-widget_type=\"html.default\">\n\t\t\t\t<div class=\"elementor-widget-container\">\n\t\t\t\t\t<script>\n    (function(w,d,e,u,f,l,n){w[f]=w[f]||function(){(w[f].q=w[f].q||[])\n    .push(arguments);},l=d.createElement(e),l.async=1,l.src=u,\n    n=d.getElementsByTagName(e)[0],n.parentNode.insertBefore(l,n);})\n    (window,document,'script','https:\/\/assets.mailerlite.com\/js\/universal.js','ml');\n    ml('account', '699109');\n<\/script>\n<a class=\"qodef-shortcode qodef-m qodef-button qodef-layout--outlined qodef-html--link\" href=\"javascript:void(0)\" onclick=\"ml('show', 'mdT25m', true)\" target=\"_self\">\n\t<span class=\"qodef-m-text\">SUBSCRIBE<\/span>\n\t<span class=\"qodef-m-arrow\">\n\t\t<svg xmlns=\"http:\/\/www.w3.org\/2000\/svg\" class=\"qodef-svg--arrow-top-right\" width=\"10\" height=\"10\" viewbox=\"0 0 10.00 10.00\"><path d=\"M1.018 10.009 0 8.991l7.569-7.582H1.723L1.737 0h8.26v8.274H8.574l.013-5.847Z\"><\/path><path d=\"M1.018 10.009 0 8.991l7.569-7.582H1.723L1.737 0h8.26v8.274H8.574l.013-5.847Z\"><\/path><\/path><\/path><\/svg>\t<\/span>\n<\/a>\t\t\t\t<\/div>\n\t\t\t\t<\/div>\n\t\t\t\t<div class=\"elementor-element elementor-element-0888cbe elementor-widget-divider--view-line elementor-widget elementor-widget-divider\" data-id=\"0888cbe\" data-element_type=\"widget\" data-e-type=\"widget\" data-widget_type=\"divider.default\">\n\t\t\t\t<div class=\"elementor-widget-container\">\n\t\t\t\t\t\t\t<div class=\"elementor-divider\">\n\t\t\t<span class=\"elementor-divider-separator\">\n\t\t\t\t\t\t<\/span>\n\t\t<\/div>\n\t\t\t\t\t\t<\/div>\n\t\t\t\t<\/div>\n\t\t\t\t\t<\/div>\n\t\t<\/div>\n\t\t\t\t\t<\/div>\n\t\t<\/section>\n\t\t\t\t<section class=\"elementor-section elementor-top-section elementor-element elementor-element-8e2f87c elementor-section-full_width qodef-elementor-content-grid elementor-section-stretched elementor-section-height-default elementor-section-height-default\" data-id=\"8e2f87c\" data-element_type=\"section\" data-e-type=\"section\" data-settings=\"{&quot;background_background&quot;:&quot;classic&quot;,&quot;stretch_section&quot;:&quot;section-stretched&quot;}\">\n\t\t\t\t\t\t<div class=\"elementor-container elementor-column-gap-no\">\n\t\t\t\t\t<div class=\"elementor-column elementor-col-100 elementor-top-column elementor-element elementor-element-6471bf1\" data-id=\"6471bf1\" data-element_type=\"column\" data-e-type=\"column\">\n\t\t\t<div class=\"elementor-widget-wrap elementor-element-populated\">\n\t\t\t\t\t\t<div class=\"elementor-element elementor-element-d8c4766 elementor-widget elementor-widget-spacer\" data-id=\"d8c4766\" data-element_type=\"widget\" data-e-type=\"widget\" data-widget_type=\"spacer.default\">\n\t\t\t\t<div class=\"elementor-widget-container\">\n\t\t\t\t\t\t\t<div class=\"elementor-spacer\">\n\t\t\t<div class=\"elementor-spacer-inner\"><\/div>\n\t\t<\/div>\n\t\t\t\t\t\t<\/div>\n\t\t\t\t<\/div>\n\t\t\t\t\t<\/div>\n\t\t<\/div>\n\t\t\t\t\t<\/div>\n\t\t<\/section>\n\t\t\t\t<\/div>\n\t\t","protected":false},"excerpt":{"rendered":"<p>Affiliations ADIFA ADIFA is enriched by the diversity and collaboration of its members. GIRP (European Healthcare Distribution Association) ADIFA has been a full member of the European Healthcare Distribution Association (GIRP) since May 2017. Founded in 1960, GIRP is the European non-profit association that represents the national associations of full-service pharmaceutical distributors, as well as [&hellip;]<\/p>\n","protected":false},"author":3,"featured_media":0,"parent":0,"menu_order":0,"comment_status":"closed","ping_status":"closed","template":"","meta":{"footnotes":""},"class_list":["post-11698","page","type-page","status-publish","hentry"],"_links":{"self":[{"href":"https:\/\/www.adifa.pt\/en\/wp-json\/wp\/v2\/pages\/11698","targetHints":{"allow":["GET"]}}],"collection":[{"href":"https:\/\/www.adifa.pt\/en\/wp-json\/wp\/v2\/pages"}],"about":[{"href":"https:\/\/www.adifa.pt\/en\/wp-json\/wp\/v2\/types\/page"}],"author":[{"embeddable":true,"href":"https:\/\/www.adifa.pt\/en\/wp-json\/wp\/v2\/users\/3"}],"replies":[{"embeddable":true,"href":"https:\/\/www.adifa.pt\/en\/wp-json\/wp\/v2\/comments?post=11698"}],"version-history":[{"count":13,"href":"https:\/\/www.adifa.pt\/en\/wp-json\/wp\/v2\/pages\/11698\/revisions"}],"predecessor-version":[{"id":13029,"href":"https:\/\/www.adifa.pt\/en\/wp-json\/wp\/v2\/pages\/11698\/revisions\/13029"}],"wp:attachment":[{"href":"https:\/\/www.adifa.pt\/en\/wp-json\/wp\/v2\/media?parent=11698"}],"curies":[{"name":"wp","href":"https:\/\/api.w.org\/{rel}","templated":true}]}}