{"id":11686,"date":"2023-12-12T12:12:33","date_gmt":"2023-12-12T12:12:33","guid":{"rendered":"https:\/\/www.adifa.pt\/events\/national-pharmaceutical-distribution-congress\/"},"modified":"2024-01-08T14:56:36","modified_gmt":"2024-01-08T14:56:36","slug":"national-pharmaceutical-distribution-congress","status":"publish","type":"page","link":"https:\/\/www.adifa.pt\/en\/events\/national-pharmaceutical-distribution-congress\/","title":{"rendered":"National Pharmaceutical Distribution Congress"},"content":{"rendered":"\t\t<div data-elementor-type=\"wp-page\" data-elementor-id=\"11686\" class=\"elementor elementor-11686 elementor-10936\">\n\t\t\t\t<div class=\"elementor-element elementor-element-afb64fd e-con-full e-flex e-con e-parent\" data-id=\"afb64fd\" data-element_type=\"container\" data-e-type=\"container\">\n\t\t<div class=\"elementor-element elementor-element-a1bfebd e-con-full e-flex e-con e-child\" data-id=\"a1bfebd\" data-element_type=\"container\" data-e-type=\"container\">\n\t\t\t\t<div class=\"elementor-element elementor-element-9368953 elementor-widget elementor-widget-image\" data-id=\"9368953\" data-element_type=\"widget\" data-e-type=\"widget\" data-widget_type=\"image.default\">\n\t\t\t\t<div class=\"elementor-widget-container\">\n\t\t\t\t\t\t\t\t\t\t\t\t\t\t\t<img fetchpriority=\"high\" decoding=\"async\" width=\"636\" height=\"840\" src=\"https:\/\/www.adifa.pt\/wp-content\/uploads\/2023\/11\/adifa-congresso-nacional-da-distribuicao-farmaceutica.jpg\" class=\"attachment-full size-full wp-image-11460\" alt=\"\" srcset=\"https:\/\/www.adifa.pt\/wp-content\/uploads\/2023\/11\/adifa-congresso-nacional-da-distribuicao-farmaceutica.jpg 636w, https:\/\/www.adifa.pt\/wp-content\/uploads\/2023\/11\/adifa-congresso-nacional-da-distribuicao-farmaceutica-227x300.jpg 227w, https:\/\/www.adifa.pt\/wp-content\/uploads\/2023\/11\/adifa-congresso-nacional-da-distribuicao-farmaceutica-600x792.jpg 600w\" sizes=\"(max-width: 636px) 100vw, 636px\" \/>\t\t\t\t\t\t\t\t\t\t\t\t\t\t\t<\/div>\n\t\t\t\t<\/div>\n\t\t\t\t<\/div>\n\t\t<div class=\"elementor-element elementor-element-23f62a2 e-con-full e-flex e-con e-child\" data-id=\"23f62a2\" data-element_type=\"container\" data-e-type=\"container\">\n\t\t\t\t<div class=\"elementor-element elementor-element-91598e4 elementor-widget elementor-widget-onegoal_core_section_title\" data-id=\"91598e4\" data-element_type=\"widget\" data-e-type=\"widget\" data-widget_type=\"onegoal_core_section_title.default\">\n\t\t\t\t<div class=\"elementor-widget-container\">\n\t\t\t\t\t<div class=\"qodef-shortcode qodef-m  qodef-section-title qodef-alignment--left \">\n\t\t<div class=\"qodef-m-subtitle\" >\n\t\t 04\/04\/2019\t<\/div>\n\t\t<h3 class=\"qodef-m-title\" >\n\t\t\t\t\tCongressso Nacional da Distribui\u00e7\u00e3oFarmac\u00eautica\t\t\t<\/h3>\n\t<\/div>\n\t\t\t\t<\/div>\n\t\t\t\t<\/div>\n\t\t\t\t<div class=\"elementor-element elementor-element-de483d8 elementor-hidden-desktop elementor-hidden-tablet elementor-hidden-mobile elementor-widget elementor-widget-onegoal_core_button\" data-id=\"de483d8\" data-element_type=\"widget\" data-e-type=\"widget\" data-widget_type=\"onegoal_core_button.default\">\n\t\t\t\t<div class=\"elementor-widget-container\">\n\t\t\t\t\t<a class=\"qodef-shortcode qodef-m  qodef-button qodef-layout--outlined  qodef-html--link\" href=\"\" target=\"_self\"  >\n\t<span class=\"qodef-m-text\">Inscri\u00e7\u00e3o<\/span>\n\t<span class=\"qodef-m-arrow\">\n\t\t<svg class=\"qodef-svg--arrow-top-right\" xmlns=\"http:\/\/www.w3.org\/2000\/svg\" width=\"10\" height=\"10\" viewBox=\"0 0 10.00 10.00\"><path d=\"M1.018 10.009 0 8.991l7.569-7.582H1.723L1.737 0h8.26v8.274H8.574l.013-5.847Z\"\/><path d=\"M1.018 10.009 0 8.991l7.569-7.582H1.723L1.737 0h8.26v8.274H8.574l.013-5.847Z\"\/><\/svg>\t<\/span>\n<\/a>\n\t\t\t\t<\/div>\n\t\t\t\t<\/div>\n\t\t\t\t<\/div>\n\t\t\t\t<\/div>\n\t\t\t\t<section class=\"elementor-section elementor-top-section elementor-element elementor-element-1fac62da elementor-section-full_width qodef-elementor-content-grid elementor-section-stretched elementor-section-height-default elementor-section-height-default\" data-id=\"1fac62da\" data-element_type=\"section\" data-e-type=\"section\" data-settings=\"{&quot;background_background&quot;:&quot;classic&quot;,&quot;stretch_section&quot;:&quot;section-stretched&quot;}\">\n\t\t\t\t\t\t<div class=\"elementor-container elementor-column-gap-no\">\n\t\t\t\t\t<div class=\"elementor-column elementor-col-100 elementor-top-column elementor-element elementor-element-2087a967\" data-id=\"2087a967\" data-element_type=\"column\" data-e-type=\"column\">\n\t\t\t<div class=\"elementor-widget-wrap elementor-element-populated\">\n\t\t\t\t\t\t<div class=\"elementor-element elementor-element-f921390 elementor-widget elementor-widget-onegoal_core_section_title\" data-id=\"f921390\" data-element_type=\"widget\" data-e-type=\"widget\" data-widget_type=\"onegoal_core_section_title.default\">\n\t\t\t\t<div class=\"elementor-widget-container\">\n\t\t\t\t\t<div class=\"qodef-shortcode qodef-m  qodef-section-title qodef-alignment--center qodef-title-break--disabled\">\n\t\t<div class=\"qodef-m-subtitle\" >\n\t\tnewsletter\t<\/div>\n\t\t<h2 class=\"qodef-m-title\" >\n\t\t\t\t\tSubscreva a nossa Newsletter e fique<br \/> a par de todas as novidades da ADIFA!\t\t\t<\/h2>\n\t<\/div>\n\t\t\t\t<\/div>\n\t\t\t\t<\/div>\n\t\t\t\t<div class=\"elementor-element elementor-element-72b7ef2d elementor-widget__width-initial elementor-widget elementor-widget-wp-widget-onegoal_core_contact_form_7\" data-id=\"72b7ef2d\" data-element_type=\"widget\" data-e-type=\"widget\" data-widget_type=\"wp-widget-onegoal_core_contact_form_7.default\">\n\t\t\t\t<div class=\"elementor-widget-container\">\n\t\t\t\t\t\t\t\t<div class=\"qodef-contact-form-7\">\n\t\t\t\t\n<div class=\"wpcf7 no-js\" id=\"wpcf7-f2494-o1\" lang=\"en-US\" dir=\"ltr\" data-wpcf7-id=\"2494\">\n<div class=\"screen-reader-response\"><p role=\"status\" aria-live=\"polite\" aria-atomic=\"true\"><\/p> <ul><\/ul><\/div>\n<form action=\"\/en\/wp-json\/wp\/v2\/pages\/11686#wpcf7-f2494-o1\" method=\"post\" class=\"wpcf7-form init\" aria-label=\"Contact form\" novalidate=\"novalidate\" data-status=\"init\">\n<fieldset class=\"hidden-fields-container\"><input type=\"hidden\" name=\"_wpcf7\" value=\"2494\" \/><input type=\"hidden\" name=\"_wpcf7_version\" value=\"6.1.5\" \/><input type=\"hidden\" name=\"_wpcf7_locale\" value=\"en_US\" \/><input type=\"hidden\" name=\"_wpcf7_unit_tag\" value=\"wpcf7-f2494-o1\" \/><input type=\"hidden\" name=\"_wpcf7_container_post\" value=\"0\" \/><input type=\"hidden\" name=\"_wpcf7_posted_data_hash\" value=\"\" \/><input type=\"hidden\" name=\"_wpcf7_recaptcha_response\" value=\"\" \/>\n<\/fieldset>\n<div class=\"qodef-cf7-newsletter qodef-skin--light\">\n<button class=\"wpcf7-form-control wpcf7-submit qodef-button qodef-size--normal qodef-layout--outlined qodef-m\" type=\"submit\"><span class=\"qodef-m-text\">Subscrever<\/span><span class=\"qodef-m-arrow\"><svg class=\"qodef-svg--arrow-top-right\" xmlns=\"http:\/\/www.w3.org\/2000\/svg\" width=\"10\" height=\"10\" viewBox=\"0 0 10.00 10.00\"><path d=\"M1.018 10.009 0 8.991l7.569-7.582H1.723L1.737 0h8.26v8.274H8.574l.013-5.847Z\"><\/path><path d=\"M1.018 10.009 0 8.991l7.569-7.582H1.723L1.737 0h8.26v8.274H8.574l.013-5.847Z\"><\/path><\/svg><\/span><\/button>\n<\/div><div class=\"wpcf7-response-output\" aria-hidden=\"true\"><\/div>\n<\/form>\n<\/div>\n\t\t\t<\/div>\n\t\t\t\t\t\t\t<\/div>\n\t\t\t\t<\/div>\n\t\t\t\t\t<\/div>\n\t\t<\/div>\n\t\t\t\t\t<\/div>\n\t\t<\/section>\n\t\t\t\t<\/div>\n\t\t","protected":false},"excerpt":{"rendered":"<p>04\/04\/2019 Congressso Nacional da Distribui\u00e7\u00e3oFarmac\u00eautica Inscri\u00e7\u00e3o newsletter Subscreva a nossa Newsletter e fique a par de todas as novidades da ADIFA!<\/p>\n","protected":false},"author":3,"featured_media":0,"parent":11680,"menu_order":0,"comment_status":"closed","ping_status":"closed","template":"","meta":{"footnotes":""},"class_list":["post-11686","page","type-page","status-publish","hentry"],"_links":{"self":[{"href":"https:\/\/www.adifa.pt\/en\/wp-json\/wp\/v2\/pages\/11686","targetHints":{"allow":["GET"]}}],"collection":[{"href":"https:\/\/www.adifa.pt\/en\/wp-json\/wp\/v2\/pages"}],"about":[{"href":"https:\/\/www.adifa.pt\/en\/wp-json\/wp\/v2\/types\/page"}],"author":[{"embeddable":true,"href":"https:\/\/www.adifa.pt\/en\/wp-json\/wp\/v2\/users\/3"}],"replies":[{"embeddable":true,"href":"https:\/\/www.adifa.pt\/en\/wp-json\/wp\/v2\/comments?post=11686"}],"version-history":[{"count":1,"href":"https:\/\/www.adifa.pt\/en\/wp-json\/wp\/v2\/pages\/11686\/revisions"}],"predecessor-version":[{"id":11687,"href":"https:\/\/www.adifa.pt\/en\/wp-json\/wp\/v2\/pages\/11686\/revisions\/11687"}],"up":[{"embeddable":true,"href":"https:\/\/www.adifa.pt\/en\/wp-json\/wp\/v2\/pages\/11680"}],"wp:attachment":[{"href":"https:\/\/www.adifa.pt\/en\/wp-json\/wp\/v2\/media?parent=11686"}],"curies":[{"name":"wp","href":"https:\/\/api.w.org\/{rel}","templated":true}]}}