{"id":11678,"date":"2023-11-15T16:38:12","date_gmt":"2023-11-15T16:38:12","guid":{"rendered":"https:\/\/www.adifa.pt\/studies-publications\/"},"modified":"2024-01-09T16:29:04","modified_gmt":"2024-01-09T16:29:04","slug":"studies-publications","status":"publish","type":"page","link":"https:\/\/www.adifa.pt\/en\/studies-publications\/","title":{"rendered":"Studies &amp; Publications"},"content":{"rendered":"\t\t<div data-elementor-type=\"wp-page\" data-elementor-id=\"11678\" class=\"elementor elementor-11678 elementor-8994\">\n\t\t\t\t<div class=\"elementor-element elementor-element-c42669b e-con-full e-flex e-con e-parent\" data-id=\"c42669b\" data-element_type=\"container\" data-e-type=\"container\">\n\t\t\t\t<div class=\"elementor-element elementor-element-58e003a elementor-widget elementor-widget-onegoal_core_textual_projects_showcase\" data-id=\"58e003a\" data-element_type=\"widget\" data-e-type=\"widget\" data-widget_type=\"onegoal_core_textual_projects_showcase.default\">\n\t\t\t\t<div class=\"elementor-widget-container\">\n\t\t\t\t\t<div class=\"qodef-shortcode qodef-m  qodef-textual-projects-showcase qodef--has-appear qodef-textual-projects-showcase-996  qodef-alignment--left\">\n\t<div class=\"qodef-e-holder-inner\" style=\"font-size: 80px;line-height: 1.09em\">\n\t\t\t\t\t\t\t\t\t\t\t\t\t<span class=\"qodef-e-text   qodef-e\">\n\t\t\t\t\t\t\tStudies\t\t\t\t\t<\/span>\n\t\t\t<span class=\"qodef-e-text   qodef-e\">\n\t\t\t\t\t\t\tand\t\t\t\t\t<\/span>\n\t\t\t<span class=\"qodef-e-text   qodef-e\">\n\t\t\t\t\t\t\tPublications\t\t\t\t\t<\/span>\n\t\t\t\t\t\t\t\t<div class=\"qodef-e-media-holder qodef-e \" style=\"--image-width: 60px;--image-width1440: 36px;--image-width680: 30px\">\n\t<div class=\"qodef-e-image\">\n\t\t\t\t\t<img fetchpriority=\"high\" decoding=\"async\" width=\"512\" height=\"512\" src=\"https:\/\/www.adifa.pt\/wp-content\/uploads\/2023\/11\/adifa-site-icon.png\" class=\"qodef--main\" alt=\"\" srcset=\"https:\/\/www.adifa.pt\/wp-content\/uploads\/2023\/11\/adifa-site-icon.png 512w, https:\/\/www.adifa.pt\/wp-content\/uploads\/2023\/11\/adifa-site-icon-300x300.png 300w, https:\/\/www.adifa.pt\/wp-content\/uploads\/2023\/11\/adifa-site-icon-150x150.png 150w, https:\/\/www.adifa.pt\/wp-content\/uploads\/2023\/11\/adifa-site-icon-100x100.png 100w\" sizes=\"(max-width: 512px) 100vw, 512px\" \/>\t\t\t\t<\/div>\n<\/div>\n\t\t\t\t\t\t<\/div>\n<\/div>\n\t\t\t\t<\/div>\n\t\t\t\t<\/div>\n\t\t\t\t<\/div>\n\t\t<div class=\"elementor-element elementor-element-0fabe0d e-con-full e-flex e-con e-parent\" data-id=\"0fabe0d\" data-element_type=\"container\" data-e-type=\"container\">\n\t\t\t\t<div class=\"elementor-element elementor-element-2629e82 elementor-widget elementor-widget-onegoal_core_section_title\" data-id=\"2629e82\" data-element_type=\"widget\" data-e-type=\"widget\" data-widget_type=\"onegoal_core_section_title.default\">\n\t\t\t\t<div class=\"elementor-widget-container\">\n\t\t\t\t\t<div class=\"qodef-shortcode qodef-m  qodef-section-title qodef-alignment--left \">\n\t\t<div class=\"qodef-m-subtitle\" >\n\t\tSTUDIES\t<\/div>\n\t\t<h2 class=\"qodef-m-title\" >\n\t\t\t\t\tFind all ADIFA studies and <span class=\"qodef-m-decorated\">publications<\/span> here\t\t\t<\/h2>\n\t<\/div>\n\t\t\t\t<\/div>\n\t\t\t\t<\/div>\n\t\t\t\t<\/div>\n\t\t<div class=\"elementor-element elementor-element-062be6f e-flex e-con-boxed e-con e-parent\" data-id=\"062be6f\" data-element_type=\"container\" data-e-type=\"container\">\n\t\t\t\t\t<div class=\"e-con-inner\">\n\t\t<div class=\"elementor-element elementor-element-8823782 e-con-full e-flex e-con e-child\" data-id=\"8823782\" data-element_type=\"container\" data-e-type=\"container\">\n\t\t\t\t<div class=\"elementor-element elementor-element-ea034da elementor-widget elementor-widget-image\" data-id=\"ea034da\" data-element_type=\"widget\" data-e-type=\"widget\" data-widget_type=\"image.default\">\n\t\t\t\t<div class=\"elementor-widget-container\">\n\t\t\t\t\t\t\t\t\t\t\t\t\t\t\t<img decoding=\"async\" width=\"800\" height=\"400\" src=\"https:\/\/www.adifa.pt\/wp-content\/uploads\/2023\/11\/1.jpg\" class=\"attachment-full size-full wp-image-11516\" alt=\"\" srcset=\"https:\/\/www.adifa.pt\/wp-content\/uploads\/2023\/11\/1.jpg 800w, https:\/\/www.adifa.pt\/wp-content\/uploads\/2023\/11\/1-300x150.jpg 300w, https:\/\/www.adifa.pt\/wp-content\/uploads\/2023\/11\/1-768x384.jpg 768w, https:\/\/www.adifa.pt\/wp-content\/uploads\/2023\/11\/1-600x300.jpg 600w\" sizes=\"(max-width: 800px) 100vw, 800px\" \/>\t\t\t\t\t\t\t\t\t\t\t\t\t\t\t<\/div>\n\t\t\t\t<\/div>\n\t\t\t\t<div class=\"elementor-element elementor-element-e55af44 elementor-widget elementor-widget-heading\" data-id=\"e55af44\" data-element_type=\"widget\" data-e-type=\"widget\" data-widget_type=\"heading.default\">\n\t\t\t\t<div class=\"elementor-widget-container\">\n\t\t\t\t\t<h1 class=\"elementor-heading-title elementor-size-default\"><a href=\"\/wp-content\/uploads\/2023\/11\/KPMG_ADIFA_V-executive_v2.pdf\" target=\"_blank\">VIEW PDF<\/a><\/h1>\t\t\t\t<\/div>\n\t\t\t\t<\/div>\n\t\t\t\t<div class=\"elementor-element elementor-element-1996122 elementor-widget elementor-widget-onegoal_core_section_title\" data-id=\"1996122\" data-element_type=\"widget\" data-e-type=\"widget\" data-widget_type=\"onegoal_core_section_title.default\">\n\t\t\t\t<div class=\"elementor-widget-container\">\n\t\t\t\t\t<div class=\"qodef-shortcode qodef-m  qodef-section-title qodef-alignment--left \">\n\t\t\t<h6 class=\"qodef-m-title\" >\n\t\t\t\t\tGreen Deal: oportunidades estrat\u00e9gicas para a transi\u00e7\u00e3o da distribui\u00e7\u00e3o farmac\u00eautica para uma economia verde\t\t\t<\/h6>\n\t<\/div>\n\t\t\t\t<\/div>\n\t\t\t\t<\/div>\n\t\t\t\t<\/div>\n\t\t<div class=\"elementor-element elementor-element-cff89c8 e-con-full e-flex e-con e-child\" data-id=\"cff89c8\" data-element_type=\"container\" data-e-type=\"container\">\n\t\t\t\t<div class=\"elementor-element elementor-element-d855e20 elementor-widget elementor-widget-image\" data-id=\"d855e20\" data-element_type=\"widget\" data-e-type=\"widget\" data-widget_type=\"image.default\">\n\t\t\t\t<div class=\"elementor-widget-container\">\n\t\t\t\t\t\t\t\t\t\t\t\t\t\t\t<img decoding=\"async\" width=\"800\" height=\"400\" src=\"https:\/\/www.adifa.pt\/wp-content\/uploads\/2023\/11\/2.jpg\" class=\"attachment-full size-full wp-image-11517\" alt=\"\" srcset=\"https:\/\/www.adifa.pt\/wp-content\/uploads\/2023\/11\/2.jpg 800w, https:\/\/www.adifa.pt\/wp-content\/uploads\/2023\/11\/2-300x150.jpg 300w, https:\/\/www.adifa.pt\/wp-content\/uploads\/2023\/11\/2-768x384.jpg 768w, https:\/\/www.adifa.pt\/wp-content\/uploads\/2023\/11\/2-600x300.jpg 600w\" sizes=\"(max-width: 800px) 100vw, 800px\" \/>\t\t\t\t\t\t\t\t\t\t\t\t\t\t\t<\/div>\n\t\t\t\t<\/div>\n\t\t\t\t<div class=\"elementor-element elementor-element-9841df0 elementor-widget elementor-widget-heading\" data-id=\"9841df0\" data-element_type=\"widget\" data-e-type=\"widget\" data-widget_type=\"heading.default\">\n\t\t\t\t<div class=\"elementor-widget-container\">\n\t\t\t\t\t<h1 class=\"elementor-heading-title elementor-size-default\"><a href=\"\/wp-content\/uploads\/2023\/11\/ADIFA_EstudoImpactoSetor_CongressoNacional2019_vFINAL_v2.pdf\" target=\"_blank\">VIEW PDF<\/a><\/h1>\t\t\t\t<\/div>\n\t\t\t\t<\/div>\n\t\t\t\t<div class=\"elementor-element elementor-element-348e40e elementor-widget elementor-widget-onegoal_core_section_title\" data-id=\"348e40e\" data-element_type=\"widget\" data-e-type=\"widget\" data-widget_type=\"onegoal_core_section_title.default\">\n\t\t\t\t<div class=\"elementor-widget-container\">\n\t\t\t\t\t<div class=\"qodef-shortcode qodef-m  qodef-section-title qodef-alignment--left \">\n\t\t\t<h6 class=\"qodef-m-title\" >\n\t\t\t\t\tCharacterization and Assessment of the Impact of Pharmaceutical Distribution in Portugal (DELOITTE Consultores)\t\t\t<\/h6>\n\t<\/div>\n\t\t\t\t<\/div>\n\t\t\t\t<\/div>\n\t\t\t\t<\/div>\n\t\t\t\t\t<\/div>\n\t\t\t\t<\/div>\n\t\t<div class=\"elementor-element elementor-element-d85c9f8 e-flex e-con-boxed e-con e-parent\" data-id=\"d85c9f8\" data-element_type=\"container\" data-e-type=\"container\">\n\t\t\t\t\t<div class=\"e-con-inner\">\n\t\t<div class=\"elementor-element elementor-element-2219e05 e-con-full e-flex e-con e-child\" data-id=\"2219e05\" data-element_type=\"container\" data-e-type=\"container\">\n\t\t\t\t<div class=\"elementor-element elementor-element-b350e69 elementor-widget elementor-widget-image\" data-id=\"b350e69\" data-element_type=\"widget\" data-e-type=\"widget\" data-widget_type=\"image.default\">\n\t\t\t\t<div class=\"elementor-widget-container\">\n\t\t\t\t\t\t\t\t\t\t\t\t\t\t\t<img loading=\"lazy\" decoding=\"async\" width=\"800\" height=\"400\" src=\"https:\/\/www.adifa.pt\/wp-content\/uploads\/2023\/11\/3.jpg\" class=\"attachment-full size-full wp-image-11518\" alt=\"\" srcset=\"https:\/\/www.adifa.pt\/wp-content\/uploads\/2023\/11\/3.jpg 800w, https:\/\/www.adifa.pt\/wp-content\/uploads\/2023\/11\/3-300x150.jpg 300w, https:\/\/www.adifa.pt\/wp-content\/uploads\/2023\/11\/3-768x384.jpg 768w, https:\/\/www.adifa.pt\/wp-content\/uploads\/2023\/11\/3-600x300.jpg 600w\" sizes=\"(max-width: 800px) 100vw, 800px\" \/>\t\t\t\t\t\t\t\t\t\t\t\t\t\t\t<\/div>\n\t\t\t\t<\/div>\n\t\t\t\t<div class=\"elementor-element elementor-element-913a3c0 elementor-widget elementor-widget-heading\" data-id=\"913a3c0\" data-element_type=\"widget\" data-e-type=\"widget\" data-widget_type=\"heading.default\">\n\t\t\t\t<div class=\"elementor-widget-container\">\n\t\t\t\t\t<h1 class=\"elementor-heading-title elementor-size-default\"><a href=\"http:\/\/a\/wp-content\/uploads\/2023\/11\/GIRP-IPF-Study-20161.pdf\" target=\"_blank\">VIEW PDF<\/a><\/h1>\t\t\t\t<\/div>\n\t\t\t\t<\/div>\n\t\t\t\t<div class=\"elementor-element elementor-element-4d2c7ad elementor-widget elementor-widget-onegoal_core_section_title\" data-id=\"4d2c7ad\" data-element_type=\"widget\" data-e-type=\"widget\" data-widget_type=\"onegoal_core_section_title.default\">\n\t\t\t\t<div class=\"elementor-widget-container\">\n\t\t\t\t\t<div class=\"qodef-shortcode qodef-m  qodef-section-title qodef-alignment--left \">\n\t\t\t<h6 class=\"qodef-m-title\" >\n\t\t\t\t\tDistribution profile and efficiency of the European pharmaceutical full-line wholesaling sector (Institute for Pharmaeconomic Research, 2016)\t\t\t<\/h6>\n\t<\/div>\n\t\t\t\t<\/div>\n\t\t\t\t<\/div>\n\t\t\t\t<\/div>\n\t\t<div class=\"elementor-element elementor-element-5d87150 e-con-full e-flex e-con e-child\" data-id=\"5d87150\" data-element_type=\"container\" data-e-type=\"container\">\n\t\t\t\t<div class=\"elementor-element elementor-element-2cbb6e7 elementor-widget elementor-widget-image\" data-id=\"2cbb6e7\" data-element_type=\"widget\" data-e-type=\"widget\" data-widget_type=\"image.default\">\n\t\t\t\t<div class=\"elementor-widget-container\">\n\t\t\t\t\t\t\t\t\t\t\t\t\t\t\t<img loading=\"lazy\" decoding=\"async\" width=\"800\" height=\"400\" src=\"https:\/\/www.adifa.pt\/wp-content\/uploads\/2023\/11\/4.jpg\" class=\"attachment-full size-full wp-image-11519\" alt=\"\" srcset=\"https:\/\/www.adifa.pt\/wp-content\/uploads\/2023\/11\/4.jpg 800w, https:\/\/www.adifa.pt\/wp-content\/uploads\/2023\/11\/4-300x150.jpg 300w, https:\/\/www.adifa.pt\/wp-content\/uploads\/2023\/11\/4-768x384.jpg 768w, https:\/\/www.adifa.pt\/wp-content\/uploads\/2023\/11\/4-600x300.jpg 600w\" sizes=\"(max-width: 800px) 100vw, 800px\" \/>\t\t\t\t\t\t\t\t\t\t\t\t\t\t\t<\/div>\n\t\t\t\t<\/div>\n\t\t\t\t<div class=\"elementor-element elementor-element-b135a18 elementor-widget elementor-widget-heading\" data-id=\"b135a18\" data-element_type=\"widget\" data-e-type=\"widget\" data-widget_type=\"heading.default\">\n\t\t\t\t<div class=\"elementor-widget-container\">\n\t\t\t\t\t<h1 class=\"elementor-heading-title elementor-size-default\"><a href=\"\/wp-content\/uploads\/2023\/11\/The-role-of-wholesalers.pdf\" target=\"_blank\">VIEW PDF<\/a><\/h1>\t\t\t\t<\/div>\n\t\t\t\t<\/div>\n\t\t\t\t<div class=\"elementor-element elementor-element-af779a6 elementor-widget elementor-widget-onegoal_core_section_title\" data-id=\"af779a6\" data-element_type=\"widget\" data-e-type=\"widget\" data-widget_type=\"onegoal_core_section_title.default\">\n\t\t\t\t<div class=\"elementor-widget-container\">\n\t\t\t\t\t<div class=\"qodef-shortcode qodef-m  qodef-section-title qodef-alignment--left \">\n\t\t\t<h6 class=\"qodef-m-title\" >\n\t\t\t\t\tThe role of wholesalers in the medicines supply chain (Healthcare Distribution Association, May 2017)\t\t\t<\/h6>\n\t<\/div>\n\t\t\t\t<\/div>\n\t\t\t\t<\/div>\n\t\t\t\t<\/div>\n\t\t\t\t\t<\/div>\n\t\t\t\t<\/div>\n\t\t<div class=\"elementor-element elementor-element-8ab6261 e-con-full e-flex e-con e-parent\" data-id=\"8ab6261\" data-element_type=\"container\" data-e-type=\"container\">\n\t\t\t\t<div class=\"elementor-element elementor-element-2dddc36 elementor-widget elementor-widget-onegoal_core_accordion\" data-id=\"2dddc36\" data-element_type=\"widget\" data-e-type=\"widget\" data-widget_type=\"onegoal_core_accordion.default\">\n\t\t\t\t<div class=\"elementor-widget-container\">\n\t\t\t\t\t<div class=\"qodef-shortcode qodef-m  qodef-accordion clear qodef-behavior--accordion qodef-layout--simple \">\n\t<h5 class=\"qodef-accordion-title\">\n\t<span class=\"qodef-tab-title\">Publications<\/span>\n\t<span class=\"qodef-accordion-mark\">\n\t\t<span class=\"qodef-icon--minus\"><svg class=\"qodef-svg--arrow-top\" xmlns=\"http:\/\/www.w3.org\/2000\/svg\" width=\"15\" height=\"7.5\"><path d=\"M1.349 7.5a1.319 1.319 0 0 1-.809-.285A1.61 1.61 0 0 1 0 6.531L6.852.147a2.129 2.129 0 0 1 .674-.143 1.329 1.329 0 0 1 .728.143L15 6.36a5.15 5.15 0 0 1-.513.769 1.01 1.01 0 0 1-.836.371L7.338 4.365Z\"\/><\/svg><\/span>\n\t<\/span>\n<\/h5>\n<div class=\"qodef-accordion-content\">\n\t<div class=\"qodef-accordion-content-inner\">\n\t\t<ul><li>Propostas ADIFA - XV Legislatura, Janeiro 2022:\u00a0<a href=\"https:\/\/www.adifa.pt\/wp-content\/uploads\/2024\/01\/Propostas-ADIFA_XV-Legislatura.pdf\" target=\"_blank\" rel=\"noopener\"><span style=\"text-decoration: underline;\">VER PDF<\/span><\/a><\/li><li>Boletim Distribui\u00e7\u00e3o Farmac\u00eautica n.\u00ba 10 - Dezembro 2023: <span style=\"text-decoration: underline;\"><a href=\"https:\/\/www.adifa.pt\/wp-content\/uploads\/2024\/01\/Boletim-ADIFA-n.o-10-Dezembro-2023_PUBLICA.pdf\" target=\"_blank\" rel=\"noopener\">VER PDF<\/a><\/span><\/li><li>Boletim Distribui\u00e7\u00e3o Farmac\u00eautica n.\u00ba 9 - Maio 2023:\u00a0<span style=\"text-decoration: underline;\"><a href=\"https:\/\/www.adifa.pt\/wp-content\/uploads\/2024\/01\/Boletim-ADIFA-n.o-9-Maio-2023_PUBLICA.pdf\" target=\"_blank\" rel=\"noopener\">VER PDF<\/a><\/span><\/li><li>Boletim Distribui\u00e7\u00e3o Farmac\u00eautica n.\u00ba 8\u00a0- Dezembro 2022:<span style=\"text-decoration: underline;\">\u00a0<a href=\"https:\/\/www.adifa.pt\/wp-content\/uploads\/2024\/01\/Boletim-ADIFA-n.o-8-Dezembro-2022_PUBLICA.pdf\" target=\"_blank\" rel=\"noopener\">VER PDF<\/a><\/span><\/li><li>Boletim Distribui\u00e7\u00e3o Farmac\u00eautica n.\u00ba 7\u00a0- Julho 2022:<span style=\"text-decoration: underline;\">\u00a0<a href=\"https:\/\/www.adifa.pt\/wp-content\/uploads\/2024\/01\/Boletim-ADIFA-n.o-7-Julho-2022_PUBLICA.pdf\" target=\"_blank\" rel=\"noopener\">VER PDF<\/a><\/span><\/li><li>Boletim Distribui\u00e7\u00e3o Farmac\u00eautica n.\u00ba 6 - Fevereiro 2022:\u00a0<span style=\"text-decoration: underline;\"><a href=\"https:\/\/www.adifa.pt\/wp-content\/uploads\/2024\/01\/Boletim-ADIFA-n.o-6-Fevereiro-2022_PUBLICA.pdf\" target=\"_blank\" rel=\"noopener\">VER PDF<\/a><\/span><\/li><li>Boletim Distribui\u00e7\u00e3o Farmac\u00eautica n.\u00ba 5 - Junho 2021:\u00a0<span style=\"text-decoration: underline;\"><a href=\"https:\/\/www.adifa.pt\/wp-content\/uploads\/2024\/01\/Boletim-ADIFA-n.o-5-JUNHO-2021.pdf\" target=\"_blank\" rel=\"noopener\">VER PDF<\/a><\/span><\/li><li>Boletim Distribui\u00e7\u00e3o Farmac\u00eautica n.\u00ba 4 - Fevereiro 2021:\u00a0<span style=\"text-decoration: underline;\"><a href=\"https:\/\/www.adifa.pt\/wp-content\/uploads\/2024\/01\/Boletim-ADIFA-n.o-4-FEVEREIRO-2021_PUBLICA.pdf\" target=\"_blank\" rel=\"noopener\">VER PDF<\/a><\/span><\/li><li>Boletim Distribui\u00e7\u00e3o Farmac\u00eautica n.\u00ba 3 - Dezembro 2020:\u00a0<span style=\"text-decoration: underline;\"><a href=\"https:\/\/www.adifa.pt\/wp-content\/uploads\/2024\/01\/Boletim-ADIFA-n.o-3-DEZEMBRO-2020_PUBLICA_vFINAL.pdf\" target=\"_blank\" rel=\"noopener\">VER PDF<\/a><\/span><\/li><li>Boletim Distribui\u00e7\u00e3o Farmac\u00eautica n.\u00ba 2 - Setembro 2019:\u00a0<span style=\"text-decoration: underline;\"><a href=\"https:\/\/www.adifa.pt\/wp-content\/uploads\/2024\/01\/Boletim-ADIFA-n.o-2-SETEMBRO-2019_vPUBLICA.pdf\" target=\"_blank\" rel=\"noopener\">VER PDF<\/a><\/span><\/li><li>Boletim Distribui\u00e7\u00e3o Farmac\u00eautica n.\u00ba 1 - Junho 2019:\u00a0<span style=\"text-decoration: underline;\"><a href=\"https:\/\/www.adifa.pt\/wp-content\/uploads\/2024\/01\/Boletim-ADIFA-n.o-1-JUNHO-2019_vPublica.pdf\" target=\"_blank\" rel=\"noopener\">VER PDF<\/a><\/span><\/li><\/ul>\t<\/div>\n<\/div>\n<\/div>\n\t\t\t\t<\/div>\n\t\t\t\t<\/div>\n\t\t\t\t<\/div>\n\t\t\t\t<section class=\"elementor-section elementor-top-section elementor-element elementor-element-735269b elementor-section-full_width qodef-elementor-content-grid elementor-section-stretched elementor-hidden-desktop elementor-hidden-tablet elementor-hidden-mobile elementor-section-height-default elementor-section-height-default\" data-id=\"735269b\" data-element_type=\"section\" data-e-type=\"section\" data-settings=\"{&quot;background_background&quot;:&quot;classic&quot;,&quot;stretch_section&quot;:&quot;section-stretched&quot;}\">\n\t\t\t\t\t\t<div class=\"elementor-container elementor-column-gap-no\">\n\t\t\t\t\t<div class=\"elementor-column elementor-col-100 elementor-top-column elementor-element elementor-element-d433fba\" data-id=\"d433fba\" data-element_type=\"column\" data-e-type=\"column\">\n\t\t\t<div class=\"elementor-widget-wrap elementor-element-populated\">\n\t\t\t\t\t\t<div class=\"elementor-element elementor-element-bc6b2c3 elementor-widget elementor-widget-onegoal_core_section_title\" data-id=\"bc6b2c3\" data-element_type=\"widget\" data-e-type=\"widget\" data-widget_type=\"onegoal_core_section_title.default\">\n\t\t\t\t<div class=\"elementor-widget-container\">\n\t\t\t\t\t<div class=\"qodef-shortcode qodef-m  qodef-section-title qodef-alignment--center qodef-title-break--disabled\">\n\t\t<div class=\"qodef-m-subtitle\" >\n\t\tnewsletter\t<\/div>\n\t\t<h2 class=\"qodef-m-title\" >\n\t\t\t\t\tSubscreva a nossa Newsletter e fique<br \/> a par de todas as novidades da ADIFA!\t\t\t<\/h2>\n\t<\/div>\n\t\t\t\t<\/div>\n\t\t\t\t<\/div>\n\t\t\t\t<div class=\"elementor-element elementor-element-2abdf84 button_subs elementor-widget elementor-widget-html\" data-id=\"2abdf84\" data-element_type=\"widget\" data-e-type=\"widget\" data-widget_type=\"html.default\">\n\t\t\t\t<div class=\"elementor-widget-container\">\n\t\t\t\t\t<script>\n    (function(w,d,e,u,f,l,n){w[f]=w[f]||function(){(w[f].q=w[f].q||[])\n    .push(arguments);},l=d.createElement(e),l.async=1,l.src=u,\n    n=d.getElementsByTagName(e)[0],n.parentNode.insertBefore(l,n);})\n    (window,document,'script','https:\/\/assets.mailerlite.com\/js\/universal.js','ml');\n    ml('account', '699109');\n<\/script>\n<a class=\"qodef-shortcode qodef-m qodef-button qodef-layout--outlined qodef-html--link\" href=\"javascript:void(0)\" onclick=\"ml('show', 'mdT25m', true)\" target=\"_self\">\n\t<span class=\"qodef-m-text\">SUBSCRIBE<\/span>\n\t<span class=\"qodef-m-arrow\">\n\t\t<svg xmlns=\"http:\/\/www.w3.org\/2000\/svg\" class=\"qodef-svg--arrow-top-right\" width=\"10\" height=\"10\" viewbox=\"0 0 10.00 10.00\"><path d=\"M1.018 10.009 0 8.991l7.569-7.582H1.723L1.737 0h8.26v8.274H8.574l.013-5.847Z\"><\/path><path d=\"M1.018 10.009 0 8.991l7.569-7.582H1.723L1.737 0h8.26v8.274H8.574l.013-5.847Z\"><\/path><\/path><\/path><\/svg>\t<\/span>\n<\/a>\t\t\t\t<\/div>\n\t\t\t\t<\/div>\n\t\t\t\t<div class=\"elementor-element elementor-element-5bbb05d elementor-widget-divider--view-line elementor-widget elementor-widget-divider\" data-id=\"5bbb05d\" data-element_type=\"widget\" data-e-type=\"widget\" data-widget_type=\"divider.default\">\n\t\t\t\t<div class=\"elementor-widget-container\">\n\t\t\t\t\t\t\t<div class=\"elementor-divider\">\n\t\t\t<span class=\"elementor-divider-separator\">\n\t\t\t\t\t\t<\/span>\n\t\t<\/div>\n\t\t\t\t\t\t<\/div>\n\t\t\t\t<\/div>\n\t\t\t\t\t<\/div>\n\t\t<\/div>\n\t\t\t\t\t<\/div>\n\t\t<\/section>\n\t\t\t\t<section class=\"elementor-section elementor-top-section elementor-element elementor-element-c4db294 elementor-section-full_width qodef-elementor-content-grid elementor-section-stretched elementor-section-height-default elementor-section-height-default\" data-id=\"c4db294\" data-element_type=\"section\" data-e-type=\"section\" data-settings=\"{&quot;background_background&quot;:&quot;classic&quot;,&quot;stretch_section&quot;:&quot;section-stretched&quot;}\">\n\t\t\t\t\t\t<div class=\"elementor-container elementor-column-gap-no\">\n\t\t\t\t\t<div class=\"elementor-column elementor-col-100 elementor-top-column elementor-element elementor-element-77362b1\" data-id=\"77362b1\" data-element_type=\"column\" data-e-type=\"column\">\n\t\t\t<div class=\"elementor-widget-wrap elementor-element-populated\">\n\t\t\t\t\t\t<div class=\"elementor-element elementor-element-30c7530 elementor-widget elementor-widget-spacer\" data-id=\"30c7530\" data-element_type=\"widget\" data-e-type=\"widget\" data-widget_type=\"spacer.default\">\n\t\t\t\t<div class=\"elementor-widget-container\">\n\t\t\t\t\t\t\t<div class=\"elementor-spacer\">\n\t\t\t<div class=\"elementor-spacer-inner\"><\/div>\n\t\t<\/div>\n\t\t\t\t\t\t<\/div>\n\t\t\t\t<\/div>\n\t\t\t\t\t<\/div>\n\t\t<\/div>\n\t\t\t\t\t<\/div>\n\t\t<\/section>\n\t\t\t\t<\/div>\n\t\t","protected":false},"excerpt":{"rendered":"<p>Studies and Publications STUDIES Find all ADIFA studies and publications here VIEW PDF Green Deal: oportunidades estrat\u00e9gicas para a transi\u00e7\u00e3o da distribui\u00e7\u00e3o farmac\u00eautica para uma economia verde VIEW PDF Characterization and Assessment of the Impact of Pharmaceutical Distribution in Portugal (DELOITTE Consultores) VIEW PDF Distribution profile and efficiency of the European pharmaceutical full-line wholesaling sector [&hellip;]<\/p>\n","protected":false},"author":3,"featured_media":0,"parent":0,"menu_order":0,"comment_status":"closed","ping_status":"closed","template":"","meta":{"footnotes":""},"class_list":["post-11678","page","type-page","status-publish","hentry"],"_links":{"self":[{"href":"https:\/\/www.adifa.pt\/en\/wp-json\/wp\/v2\/pages\/11678","targetHints":{"allow":["GET"]}}],"collection":[{"href":"https:\/\/www.adifa.pt\/en\/wp-json\/wp\/v2\/pages"}],"about":[{"href":"https:\/\/www.adifa.pt\/en\/wp-json\/wp\/v2\/types\/page"}],"author":[{"embeddable":true,"href":"https:\/\/www.adifa.pt\/en\/wp-json\/wp\/v2\/users\/3"}],"replies":[{"embeddable":true,"href":"https:\/\/www.adifa.pt\/en\/wp-json\/wp\/v2\/comments?post=11678"}],"version-history":[{"count":19,"href":"https:\/\/www.adifa.pt\/en\/wp-json\/wp\/v2\/pages\/11678\/revisions"}],"predecessor-version":[{"id":12095,"href":"https:\/\/www.adifa.pt\/en\/wp-json\/wp\/v2\/pages\/11678\/revisions\/12095"}],"wp:attachment":[{"href":"https:\/\/www.adifa.pt\/en\/wp-json\/wp\/v2\/media?parent=11678"}],"curies":[{"name":"wp","href":"https:\/\/api.w.org\/{rel}","templated":true}]}}